{"id":18062,"date":"2025-05-06T13:43:19","date_gmt":"2025-05-06T11:43:19","guid":{"rendered":"https:\/\/www.cubaneotravel.com\/blogs\/"},"modified":"2025-05-07T12:34:01","modified_gmt":"2025-05-07T10:34:01","slug":"blogs","status":"publish","type":"page","link":"https:\/\/www.cubaneotravel.com\/it\/blogs\/","title":{"rendered":"Blogs"},"content":{"rendered":"<div class=\"wpb-content-wrapper\">[mk_page_section bg_image=&#8221;https:\/\/www.cubaneotravel.com\/wp-content\/uploads\/14.jpg&#8221; bg_position=&#8221;center center&#8221; bg_repeat=&#8221;no-repeat&#8221; min_height=&#8221;0&#8243; js_vertical_centered=&#8221;true&#8221; padding_top=&#8221;50&#8243; padding_bottom=&#8221;50&#8243; margin_bottom=&#8221;50&#8243; sidebar=&#8221;sidebar-1&#8243;][vc_column][mk_padding_divider size=&#8221;150&#8243; visibility=&#8221;visible-dt&#8221;][mk_fancy_title tag_name=&#8221;h1&#8243; color=&#8221;#ffffff&#8221; size=&#8221;72&#8243; force_font_size=&#8221;true&#8221; size_phone=&#8221;48&#8243; margin_bottom=&#8221;0&#8243; font_family=&#8221;none&#8221; align=&#8221;center&#8221; drop_shadow=&#8221;true&#8221; shadow_angle=&#8221;0&#8243; shadow_distance=&#8221;15&#8243;]Blog Viaggi Cuba[\/mk_fancy_title][mk_fancy_title color=&#8221;#ffffff&#8221; size=&#8221;32&#8243; force_font_size=&#8221;true&#8221; size_phone=&#8221;24&#8243; font_weight=&#8221;bold&#8221; margin_bottom=&#8221;0&#8243; font_family=&#8221;Roboto&#8221; font_type=&#8221;google&#8221; align=&#8221;center&#8221; drop_shadow=&#8221;true&#8221; shadow_angle=&#8221;0&#8243; shadow_distance=&#8221;10&#8243; shadow_color=&#8221;rgba(0,0,0,0.7)&#8221;][\/mk_fancy_title][mk_padding_divider size=&#8221;150&#8243; visibility=&#8221;visible-dt&#8221;][mk_padding_divider size=&#8221;50&#8243; visibility=&#8221;visible-sm&#8221;][\/vc_column][\/mk_page_section][vc_row][vc_column width=&#8221;5\/6&#8243;][vc_column_text css=&#8221;.vc_custom_1746614037896{margin-bottom: 0px !important;}&#8221;]\n<h2 data-start=\"122\" data-end=\"196\">Blog Viaggi Cuba<\/h2>\n<h3 data-start=\"122\" data-end=\"196\">Informazioni e consigli per il tuo viaggio a Cuba<\/h3>\n<p class=\"\" data-start=\"198\" data-end=\"471\">Nei nostri blog dedicati ai viaggi a Cuba troverai tanti consigli utili e informazioni interessanti se stai pianificando un viaggio nell\u2019isola.<br data-start=\"341\" data-end=\"344\" \/>Cosa vuoi sapere prima di partire? Dai un\u2019occhiata ai nostri articoli, scopri Cuba leggendo\u2026 prima ancora di salire sull\u2019aereo!<\/p>\n[\/vc_column_text][mk_padding_divider][\/vc_column][vc_column width=&#8221;1\/6&#8243;][\/vc_column][\/vc_row][vc_row][vc_column][mk_blog style=&#8221;newspaper&#8221; grid_image_height=&#8221;250&#8243; post_count=&#8221;15&#8243; cat=&#8221;27&#8243;][mk_padding_divider][\/vc_column][\/vc_row][vc_row][vc_column][mk_padding_divider][vc_column_text css=&#8221;.vc_custom_1602587668540{margin-bottom: 0px !important;}&#8221;]\n<h3>Blogs viajes Cuba<\/h3>\n<p>En nuestros blogs de viajes Cuba encontrar\u00e1s todo tipo de consejos e informaciones pr\u00e1cticas. Te pueden ser muy utiles si deseas viajar a Cuba. Que quieres saber antes de realizar tu viaje.<br \/>\nPuedes leer sobre diversos temas de la cultura cubana, sobre temas de visas, monedas que se usan en Cuba, la internet, llamar y recibir llamadas telef\u00f3nicas. Echa un vistazo a nuestros blogs, conoce a Cuba leyendo antes de subir al avi\u00f3n.<\/p>\n<p>Tambi\u00e9n es \u00fatil conocer consejos pr\u00e1cticos como la mejor \u00e9poca para viajar a Cuba y c\u00f3mo pagar en Cuba. Es inteligente viajar bien preparado a un pa\u00eds como Cuba. Es un gran e interesante pa\u00eds , pero muchas cosas funcionan diferente a la &#8220;l\u00f3gica&#8221; de muchos pa\u00edses desde donde vienen la gente que visita a Cuba. Las cosas a veces son un poco diferentes a las que est\u00e1s acostumbrado. Es importante prepararse y estar bien informado, y todo esto puede encontrarlo en nuestros \u00abblogs viajes Cuba\u00bb. Incluso con una buena preparaci\u00f3n se enfrentar\u00e1 a sorpresas, y esto es precisamente lo que hace de Cuba un destino tur\u00edstico tan interesante.<\/p>\n<p>\u00bfTambi\u00e9n quieres darle un extra a tu viaje? \u00bfQuieres sumergirte m\u00e1s profundamente en Cuba que conocer a las masas y los lugares escondidos? \u00a1Entonces echa un vistazo a nuestras <a href=\"https:\/\/www.cubaneotravel.com\/it\/escursioni-cuba\/\">excursiones<\/a>! Aqu\u00ed tenemos varias excursiones para todos. Adem\u00e1s de muchas hermosas reservas naturales, tambi\u00e9n puede descubrir los aspectos m\u00e1s destacados de La Habana con un local de habla inglesa o aprender a bailar salsa cubana.[\/vc_column_text][\/vc_column][\/vc_row][mk_page_section bg_color=&#8221;#00aeef&#8221; min_height=&#8221;0&#8243; js_vertical_centered=&#8221;true&#8221; padding_top=&#8221;50&#8243; padding_bottom=&#8221;50&#8243; sidebar=&#8221;sidebar-1&#8243;][vc_column width=&#8221;2\/3&#8243;][mk_fancy_title color=&#8221;#ffffff&#8221; size=&#8221;42&#8243; force_font_size=&#8221;true&#8221; size_phone=&#8221;42&#8243; margin_bottom=&#8221;0&#8243; font_family=&#8221;none&#8221;]Solicite gratis su propuesta de viaje[\/mk_fancy_title][\/vc_column][vc_column width=&#8221;1\/3&#8243;][mk_button dimension=&#8221;flat&#8221; size=&#8221;large&#8221; url=&#8221;https:\/\/www.cubaneotravel.com\/es\/cuentanos-todos-tus-deseos\/&#8221; bg_color=&#8221;#ffffff&#8221; btn_hover_bg=&#8221;rgba(255,255,255,0.5)&#8221; text_color=&#8221;dark&#8221;]Solicitar propuesta[\/mk_button][\/vc_column][\/mk_page_section]\n<\/div>","protected":false},"excerpt":{"rendered":"<p>[mk_page_section bg_image=&#8221;https:\/\/www.cubaneotravel.com\/wp-content\/uploads\/14.jpg&#8221; bg_position=&#8221;center center&#8221; bg_repeat=&#8221;no-repeat&#8221; min_height=&#8221;0&#8243; js_vertical_centered=&#8221;true&#8221; padding_top=&#8221;50&#8243; padding_bottom=&#8221;50&#8243; margin_bottom=&#8221;50&#8243; sidebar=&#8221;sidebar-1&#8243;][vc_column][mk_padding_divider size=&#8221;150&#8243; visibility=&#8221;visible-dt&#8221;][mk_fancy_title tag_name=&#8221;h1&#8243; color=&#8221;#ffffff&#8221; size=&#8221;72&#8243; force_font_size=&#8221;true&#8221; size_phone=&#8221;48&#8243; margin_bottom=&#8221;0&#8243; font_family=&#8221;none&#8221; align=&#8221;center&#8221; drop_shadow=&#8221;true&#8221; shadow_angle=&#8221;0&#8243; shadow_distance=&#8221;15&#8243;]Blog Viaggi Cuba[\/mk_fancy_title][mk_fancy_title color=&#8221;#ffffff&#8221; size=&#8221;32&#8243; force_font_size=&#8221;true&#8221; size_phone=&#8221;24&#8243; font_weight=&#8221;bold&#8221; margin_bottom=&#8221;0&#8243; font_family=&#8221;Roboto&#8221; font_type=&#8221;google&#8221; align=&#8221;center&#8221; drop_shadow=&#8221;true&#8221; shadow_angle=&#8221;0&#8243; shadow_distance=&#8221;10&#8243; shadow_color=&#8221;rgba(0,0,0,0.7)&#8221;][\/mk_fancy_title][mk_padding_divider size=&#8221;150&#8243; visibility=&#8221;visible-dt&#8221;][mk_padding_divider size=&#8221;50&#8243; visibility=&#8221;visible-sm&#8221;][\/vc_column][\/mk_page_section][vc_row][vc_column width=&#8221;5\/6&#8243;][vc_column_text css=&#8221;.vc_custom_1746614037896{margin-bottom: 0px !important;}&#8221;] Blog Viaggi Cuba Informazioni e consigli per il [&hellip;]<\/p>\n","protected":false},"author":1,"featured_media":0,"parent":0,"menu_order":0,"comment_status":"closed","ping_status":"closed","template":"","meta":{"footnotes":""},"class_list":["post-18062","page","type-page","status-publish","hentry"],"yoast_head":"<!-- This site is optimized with the Yoast SEO plugin v27.1.1 - https:\/\/yoast.com\/product\/yoast-seo-wordpress\/ -->\n<title>Blogs - De leukste tips en informatie - CubaNeo Travel<\/title>\n<meta name=\"description\" content=\"Wil jij weten wat je kunt verwachten van een reis naar Cuba? In ons reisblog Cuba vindt je veel tips en informatie die je hest beste v\u00f3\u00f3r vertrek leest.\" \/>\n<meta name=\"robots\" content=\"index, follow, max-snippet:-1, max-image-preview:large, max-video-preview:-1\" \/>\n<link rel=\"canonical\" href=\"https:\/\/www.cubaneotravel.com\/it\/blogs\/\" \/>\n<meta property=\"og:locale\" content=\"it_IT\" \/>\n<meta property=\"og:type\" content=\"article\" \/>\n<meta property=\"og:title\" content=\"Blogs - De leukste tips en informatie - CubaNeo Travel\" \/>\n<meta property=\"og:description\" content=\"Wil jij weten wat je kunt verwachten van een reis naar Cuba? In ons reisblog Cuba vindt je veel tips en informatie die je hest beste v\u00f3\u00f3r vertrek leest.\" \/>\n<meta property=\"og:url\" content=\"https:\/\/www.cubaneotravel.com\/it\/blogs\/\" \/>\n<meta property=\"og:site_name\" content=\"CubaNeo Travel\" \/>\n<meta property=\"article:modified_time\" content=\"2025-05-07T10:34:01+00:00\" \/>\n<meta name=\"twitter:card\" content=\"summary_large_image\" \/>\n<meta name=\"twitter:label1\" content=\"Tempo di lettura stimato\" \/>\n\t<meta name=\"twitter:data1\" content=\"2 minuti\" \/>\n<script type=\"application\/ld+json\" class=\"yoast-schema-graph\">{\"@context\":\"https:\/\/schema.org\",\"@graph\":[{\"@type\":\"WebPage\",\"@id\":\"https:\/\/www.cubaneotravel.com\/it\/blogs\/\",\"url\":\"https:\/\/www.cubaneotravel.com\/it\/blogs\/\",\"name\":\"Blogs - De leukste tips en informatie - CubaNeo Travel\",\"isPartOf\":{\"@id\":\"https:\/\/www.cubaneotravel.com\/#website\"},\"datePublished\":\"2025-05-06T11:43:19+00:00\",\"dateModified\":\"2025-05-07T10:34:01+00:00\",\"description\":\"Wil jij weten wat je kunt verwachten van een reis naar Cuba? In ons reisblog Cuba vindt je veel tips en informatie die je hest beste v\u00f3\u00f3r vertrek leest.\",\"breadcrumb\":{\"@id\":\"https:\/\/www.cubaneotravel.com\/it\/blogs\/#breadcrumb\"},\"inLanguage\":\"it-IT\",\"potentialAction\":[{\"@type\":\"ReadAction\",\"target\":[\"https:\/\/www.cubaneotravel.com\/it\/blogs\/\"]}]},{\"@type\":\"BreadcrumbList\",\"@id\":\"https:\/\/www.cubaneotravel.com\/it\/blogs\/#breadcrumb\",\"itemListElement\":[{\"@type\":\"ListItem\",\"position\":1,\"name\":\"Home\",\"item\":\"https:\/\/www.cubaneotravel.com\/it\/\"},{\"@type\":\"ListItem\",\"position\":2,\"name\":\"Blogs\"}]},{\"@type\":\"WebSite\",\"@id\":\"https:\/\/www.cubaneotravel.com\/#website\",\"url\":\"https:\/\/www.cubaneotravel.com\/\",\"name\":\"CubaNeo Travel\",\"description\":\"Travel agency to Cuba\",\"publisher\":{\"@id\":\"https:\/\/www.cubaneotravel.com\/#organization\"},\"potentialAction\":[{\"@type\":\"SearchAction\",\"target\":{\"@type\":\"EntryPoint\",\"urlTemplate\":\"https:\/\/www.cubaneotravel.com\/?s={search_term_string}\"},\"query-input\":{\"@type\":\"PropertyValueSpecification\",\"valueRequired\":true,\"valueName\":\"search_term_string\"}}],\"inLanguage\":\"it-IT\"},{\"@type\":\"Organization\",\"@id\":\"https:\/\/www.cubaneotravel.com\/#organization\",\"name\":\"CubaNeo travel\",\"url\":\"https:\/\/www.cubaneotravel.com\/\",\"logo\":{\"@type\":\"ImageObject\",\"inLanguage\":\"it-IT\",\"@id\":\"https:\/\/www.cubaneotravel.com\/#\/schema\/logo\/image\/\",\"url\":\"https:\/\/www.cubaneotravel.com\/wp-content\/uploads\/logo.svg\",\"contentUrl\":\"https:\/\/www.cubaneotravel.com\/wp-content\/uploads\/logo.svg\",\"width\":1,\"height\":1,\"caption\":\"CubaNeo travel\"},\"image\":{\"@id\":\"https:\/\/www.cubaneotravel.com\/#\/schema\/logo\/image\/\"}}]}<\/script>\n<!-- \/ Yoast SEO plugin. -->","yoast_head_json":{"title":"Blogs - De leukste tips en informatie - CubaNeo Travel","description":"Wil jij weten wat je kunt verwachten van een reis naar Cuba? In ons reisblog Cuba vindt je veel tips en informatie die je hest beste v\u00f3\u00f3r vertrek leest.","robots":{"index":"index","follow":"follow","max-snippet":"max-snippet:-1","max-image-preview":"max-image-preview:large","max-video-preview":"max-video-preview:-1"},"canonical":"https:\/\/www.cubaneotravel.com\/it\/blogs\/","og_locale":"it_IT","og_type":"article","og_title":"Blogs - De leukste tips en informatie - CubaNeo Travel","og_description":"Wil jij weten wat je kunt verwachten van een reis naar Cuba? In ons reisblog Cuba vindt je veel tips en informatie die je hest beste v\u00f3\u00f3r vertrek leest.","og_url":"https:\/\/www.cubaneotravel.com\/it\/blogs\/","og_site_name":"CubaNeo Travel","article_modified_time":"2025-05-07T10:34:01+00:00","twitter_card":"summary_large_image","twitter_misc":{"Tempo di lettura stimato":"2 minuti"},"schema":{"@context":"https:\/\/schema.org","@graph":[{"@type":"WebPage","@id":"https:\/\/www.cubaneotravel.com\/it\/blogs\/","url":"https:\/\/www.cubaneotravel.com\/it\/blogs\/","name":"Blogs - De leukste tips en informatie - CubaNeo Travel","isPartOf":{"@id":"https:\/\/www.cubaneotravel.com\/#website"},"datePublished":"2025-05-06T11:43:19+00:00","dateModified":"2025-05-07T10:34:01+00:00","description":"Wil jij weten wat je kunt verwachten van een reis naar Cuba? In ons reisblog Cuba vindt je veel tips en informatie die je hest beste v\u00f3\u00f3r vertrek leest.","breadcrumb":{"@id":"https:\/\/www.cubaneotravel.com\/it\/blogs\/#breadcrumb"},"inLanguage":"it-IT","potentialAction":[{"@type":"ReadAction","target":["https:\/\/www.cubaneotravel.com\/it\/blogs\/"]}]},{"@type":"BreadcrumbList","@id":"https:\/\/www.cubaneotravel.com\/it\/blogs\/#breadcrumb","itemListElement":[{"@type":"ListItem","position":1,"name":"Home","item":"https:\/\/www.cubaneotravel.com\/it\/"},{"@type":"ListItem","position":2,"name":"Blogs"}]},{"@type":"WebSite","@id":"https:\/\/www.cubaneotravel.com\/#website","url":"https:\/\/www.cubaneotravel.com\/","name":"CubaNeo Travel","description":"Travel agency to Cuba","publisher":{"@id":"https:\/\/www.cubaneotravel.com\/#organization"},"potentialAction":[{"@type":"SearchAction","target":{"@type":"EntryPoint","urlTemplate":"https:\/\/www.cubaneotravel.com\/?s={search_term_string}"},"query-input":{"@type":"PropertyValueSpecification","valueRequired":true,"valueName":"search_term_string"}}],"inLanguage":"it-IT"},{"@type":"Organization","@id":"https:\/\/www.cubaneotravel.com\/#organization","name":"CubaNeo travel","url":"https:\/\/www.cubaneotravel.com\/","logo":{"@type":"ImageObject","inLanguage":"it-IT","@id":"https:\/\/www.cubaneotravel.com\/#\/schema\/logo\/image\/","url":"https:\/\/www.cubaneotravel.com\/wp-content\/uploads\/logo.svg","contentUrl":"https:\/\/www.cubaneotravel.com\/wp-content\/uploads\/logo.svg","width":1,"height":1,"caption":"CubaNeo travel"},"image":{"@id":"https:\/\/www.cubaneotravel.com\/#\/schema\/logo\/image\/"}}]}},"_links":{"self":[{"href":"https:\/\/www.cubaneotravel.com\/it\/wp-json\/wp\/v2\/pages\/18062","targetHints":{"allow":["GET"]}}],"collection":[{"href":"https:\/\/www.cubaneotravel.com\/it\/wp-json\/wp\/v2\/pages"}],"about":[{"href":"https:\/\/www.cubaneotravel.com\/it\/wp-json\/wp\/v2\/types\/page"}],"author":[{"embeddable":true,"href":"https:\/\/www.cubaneotravel.com\/it\/wp-json\/wp\/v2\/users\/1"}],"replies":[{"embeddable":true,"href":"https:\/\/www.cubaneotravel.com\/it\/wp-json\/wp\/v2\/comments?post=18062"}],"version-history":[{"count":7,"href":"https:\/\/www.cubaneotravel.com\/it\/wp-json\/wp\/v2\/pages\/18062\/revisions"}],"predecessor-version":[{"id":18079,"href":"https:\/\/www.cubaneotravel.com\/it\/wp-json\/wp\/v2\/pages\/18062\/revisions\/18079"}],"wp:attachment":[{"href":"https:\/\/www.cubaneotravel.com\/it\/wp-json\/wp\/v2\/media?parent=18062"}],"curies":[{"name":"wp","href":"https:\/\/api.w.org\/{rel}","templated":true}]}}