{"id":12003,"date":"2023-03-24T17:14:17","date_gmt":"2023-03-24T16:14:17","guid":{"rendered":"https:\/\/www.cubaneotravel.com\/alloggio-casas-particular-cuba\/"},"modified":"2025-06-28T11:42:55","modified_gmt":"2025-06-28T09:42:55","slug":"alloggio-casas-particular-cuba","status":"publish","type":"page","link":"https:\/\/www.cubaneotravel.com\/it\/alloggio-casas-particular-cuba\/","title":{"rendered":"Alloggio casas particular cuba"},"content":{"rendered":"<div class=\"wpb-content-wrapper\">[mk_page_section bg_image=&#8221;https:\/\/www.cubaneotravel.com\/wp-content\/uploads\/7.jpg&#8221; bg_position=&#8221;center center&#8221; bg_repeat=&#8221;no-repeat&#8221; min_height=&#8221;500&#8243; js_vertical_centered=&#8221;true&#8221; padding_top=&#8221;50&#8243; padding_bottom=&#8221;50&#8243; margin_bottom=&#8221;50&#8243; sidebar=&#8221;sidebar-1&#8243;][vc_column][mk_fancy_title strip_tags=&#8221;true&#8221; tag_name=&#8221;h1&#8243; color=&#8221;#ffffff&#8221; size=&#8221;72&#8243; force_font_size=&#8221;true&#8221; size_phone=&#8221;48&#8243; margin_bottom=&#8221;0&#8243; font_family=&#8221;none&#8221; align=&#8221;center&#8221; drop_shadow=&#8221;true&#8221; shadow_angle=&#8221;0&#8243; shadow_distance=&#8221;15&#8243;]Casas particular Cuba[\/mk_fancy_title][mk_fancy_title color=&#8221;#ffffff&#8221; size=&#8221;32&#8243; force_font_size=&#8221;true&#8221; size_phone=&#8221;24&#8243; font_weight=&#8221;bold&#8221; margin_bottom=&#8221;0&#8243; font_family=&#8221;Roboto&#8221; font_type=&#8221;google&#8221; align=&#8221;center&#8221; visibility=&#8221;hidden-sm&#8221; drop_shadow=&#8221;true&#8221; shadow_angle=&#8221;0&#8243; shadow_distance=&#8221;10&#8243; shadow_color=&#8221;rgba(0,0,0,0.7)&#8221;][\/mk_fancy_title][mk_padding_divider size=&#8221;50&#8243; visibility=&#8221;visible-sm&#8221;][\/vc_column][\/mk_page_section][mk_page_section padding_top=&#8221;0&#8243; padding_bottom=&#8221;30&#8243; sidebar=&#8221;sidebar-1&#8243;][vc_column][vc_column_text css=&#8221;.vc_custom_1679690737292{margin-bottom: 0px !important;}&#8221;]\n<h1>Alloggio in casas particular Cuba. Case private a Cuba<\/h1>\n<p>Le Casas Particular o case private a Cuba sono chiamate (bed &amp; breakfast). Sono case di imprenditori cubani che hanno le licenze e i permessi richiesti dallo Stato per il servizio di alloggio per i viaggiatori a Cuba. Funzionano come piccole imprese familiari dedicate al reddito turistico.[\/vc_column_text][vc_column_text css=&#8221;.vc_custom_1679692136046{margin-bottom: 0px !important;}&#8221;]<img loading=\"lazy\" decoding=\"async\" class=\"aligncenter wp-image-10543\" src=\"https:\/\/www.cubaneotravel.com\/wp-content\/uploads\/alojamientos-cubaneo-travel-agencia-de-viajes-a-cuba-casas-particulares-2.jpg\" alt=\"\" width=\"1155\" height=\"825\" srcset=\"https:\/\/www.cubaneotravel.com\/wp-content\/uploads\/alojamientos-cubaneo-travel-agencia-de-viajes-a-cuba-casas-particulares-2.jpg 960w, https:\/\/www.cubaneotravel.com\/wp-content\/uploads\/alojamientos-cubaneo-travel-agencia-de-viajes-a-cuba-casas-particulares-2-300x214.jpg 300w, https:\/\/www.cubaneotravel.com\/wp-content\/uploads\/alojamientos-cubaneo-travel-agencia-de-viajes-a-cuba-casas-particulares-2-768x549.jpg 768w\" sizes=\"auto, (max-width: 1155px) 100vw, 1155px\" \/>[\/vc_column_text][mk_padding_divider size=&#8221;30&#8243;][\/vc_column][\/mk_page_section][mk_page_section padding_top=&#8221;0&#8243; padding_bottom=&#8221;30&#8243; sidebar=&#8221;sidebar-1&#8243;][vc_column width=&#8221;1\/2&#8243;][vc_column_text css=&#8221;.vc_custom_1679691764118{margin-bottom: 0px !important;}&#8221;]\n<h3>Tour con sistemazione in \u00a0Casas Particular<\/h3>\n<p>L&#8217;alloggio nei nostri <a href=\"https:\/\/www.cubaneotravel.com\/it\/tours-cuba\/\">tour di Cuba<\/a> sono in Casas Particular (bed &amp; breakfast) Si alloggia in case di famiglie cubane in camere climatizzate di buon comfort e con bagno indipendente. Hanno abbastanza privacy e un buon servizio. Soggiornare in una casa privata \u00e8 un&#8217;alternativa buona ed economica rispetto a soggiornare in un hotel. Sono aziende private e questo rende importante per i proprietari che tu sia la priorit\u00e0. Negli hotel c&#8217;\u00e8 spesso meno attenzione e servizio personalizzato per gli ospiti. Offriamo case di qualit\u00e0 standard e puoi anche richiedere case private di qualit\u00e0 premium.[\/vc_column_text][\/vc_column][vc_column width=&#8221;1\/2&#8243;][vc_column_text css=&#8221;.vc_custom_1679692068042{margin-bottom: 0px !important;}&#8221;]\n<h3>Alloggi in Cuba con la migliore opzione<\/h3>\n<p>Le Casas Particular che riserviamo per i nostri tour sono sempre in una buona posizione, nel centro di ogni citt\u00e0. Sono di buona qualit\u00e0 in modo che tu possa goderti un soggiorno confortevole. Di solito hanno aree comuni che puoi usare, come il soggiorno, il patio o il balcone. Puoi anche chiederci di rendere pi\u00f9 personalizzato il tuo viaggio in intere case indipendenti. La colazione \u00e8 inclusa nel prezzo. Se desideri il servizio di pranzo e cena nella tua casa privata, pu\u00f2 essere organizzato in coordinamento e dopo aver consultato la famiglia della casa. Possono anche aiutarti e consigliarti sulle dinamiche locali.[\/vc_column_text][\/vc_column][\/mk_page_section][vc_row][vc_column][mk_padding_divider size=&#8221;30&#8243;][mk_swipe_slideshow images=&#8221;10525,10522,10537,10528,10534,10531,10540,10543&#8243; image_width=&#8221;1200&#8243; image_height=&#8221;720&#8243;][vc_column_text css=&#8221;.vc_custom_1679690939557{margin-bottom: 0px !important;}&#8221;]Offriamo camere per 1, 2 e 4 persone (studenti o gruppi di amici con un budget moderato). Disponiamo inoltre di case complete fino a 4 camere per gruppi fino a 10 persone. Offriamo alloggio in case private e ovviamente ce n&#8217;\u00e8 per tutti i gusti, incluso il lusso! Rimani in contatto con noi.[\/vc_column_text][mk_padding_divider size=&#8221;80&#8243;][\/vc_column][\/vc_row][mk_page_section padding_top=&#8221;0&#8243; padding_bottom=&#8221;30&#8243; sidebar=&#8221;sidebar-1&#8243;][vc_column][vc_column_text css=&#8221;.vc_custom_1679691948478{margin-bottom: 0px !important;}&#8221;]\u00c8 interessante per te visitare una famiglia cubana che non vive in luoghi centrali e non ha contatti con i turisti? Puoi richiedere la nostra escursione &#8221; La Cuba autentica con una famiglia locale &#8221; e vedere com&#8217;\u00e8 la vita quotidiana a <a href=\"https:\/\/it.wikipedia.org\/wiki\/Cuba\">Cuba<\/a>.[\/vc_column_text][mk_gallery images=&#8221;1461,408,427&#8243; height=&#8221;200&#8243;][\/vc_column][\/mk_page_section][mk_page_section bg_color=&#8221;#00aeef&#8221; min_height=&#8221;0&#8243; js_vertical_centered=&#8221;true&#8221; padding_top=&#8221;50&#8243; padding_bottom=&#8221;50&#8243; sidebar=&#8221;sidebar-1&#8243;][vc_column width=&#8221;2\/3&#8243;][mk_fancy_title color=&#8221;#ffffff&#8221; size=&#8221;42&#8243; force_font_size=&#8221;true&#8221; size_phone=&#8221;42&#8243; margin_bottom=&#8221;0&#8243; font_family=&#8221;none&#8221;]Richiedi la tua proposta di viaggio[\/mk_fancy_title][\/vc_column][vc_column width=&#8221;1\/3&#8243;][mk_button dimension=&#8221;flat&#8221; size=&#8221;large&#8221; url=&#8221;https:\/\/www.cubaneotravel.com\/es\/cuentanos-todos-tus-deseos\/&#8221; bg_color=&#8221;#ffffff&#8221; btn_hover_bg=&#8221;rgba(255,255,255,0.5)&#8221; text_color=&#8221;dark&#8221;]Richiedi proposta[\/mk_button][\/vc_column][\/mk_page_section]\n<\/div>","protected":false},"excerpt":{"rendered":"<p>[mk_page_section bg_image=&#8221;https:\/\/www.cubaneotravel.com\/wp-content\/uploads\/7.jpg&#8221; bg_position=&#8221;center center&#8221; bg_repeat=&#8221;no-repeat&#8221; min_height=&#8221;500&#8243; js_vertical_centered=&#8221;true&#8221; padding_top=&#8221;50&#8243; padding_bottom=&#8221;50&#8243; margin_bottom=&#8221;50&#8243; sidebar=&#8221;sidebar-1&#8243;][vc_column][mk_fancy_title strip_tags=&#8221;true&#8221; tag_name=&#8221;h1&#8243; color=&#8221;#ffffff&#8221; size=&#8221;72&#8243; force_font_size=&#8221;true&#8221; size_phone=&#8221;48&#8243; margin_bottom=&#8221;0&#8243; font_family=&#8221;none&#8221; align=&#8221;center&#8221; drop_shadow=&#8221;true&#8221; shadow_angle=&#8221;0&#8243; shadow_distance=&#8221;15&#8243;]Casas particular Cuba[\/mk_fancy_title][mk_fancy_title color=&#8221;#ffffff&#8221; size=&#8221;32&#8243; force_font_size=&#8221;true&#8221; size_phone=&#8221;24&#8243; font_weight=&#8221;bold&#8221; margin_bottom=&#8221;0&#8243; font_family=&#8221;Roboto&#8221; font_type=&#8221;google&#8221; align=&#8221;center&#8221; visibility=&#8221;hidden-sm&#8221; drop_shadow=&#8221;true&#8221; shadow_angle=&#8221;0&#8243; shadow_distance=&#8221;10&#8243; shadow_color=&#8221;rgba(0,0,0,0.7)&#8221;][\/mk_fancy_title][mk_padding_divider size=&#8221;50&#8243; visibility=&#8221;visible-sm&#8221;][\/vc_column][\/mk_page_section][mk_page_section padding_top=&#8221;0&#8243; padding_bottom=&#8221;30&#8243; sidebar=&#8221;sidebar-1&#8243;][vc_column][vc_column_text css=&#8221;.vc_custom_1679690737292{margin-bottom: 0px !important;}&#8221;] Alloggio in casas particular Cuba. Case private a [&hellip;]<\/p>\n","protected":false},"author":1,"featured_media":0,"parent":0,"menu_order":0,"comment_status":"closed","ping_status":"closed","template":"","meta":{"footnotes":""},"class_list":["post-12003","page","type-page","status-publish","hentry"],"yoast_head":"<!-- This site is optimized with the Yoast SEO plugin v27.5 - https:\/\/yoast.com\/product\/yoast-seo-wordpress\/ -->\n<title>Casas Particular Cuba \u1405 Le Migliori Casas Particular a Cuba<\/title>\n<meta name=\"description\" content=\"Alloggio Cuba \u1405 Selezioniamo le migliori casas particular a Cuba per i nostri viaggiatori. Centrale, confortevole\" \/>\n<meta name=\"robots\" content=\"index, follow, max-snippet:-1, max-image-preview:large, max-video-preview:-1\" \/>\n<link rel=\"canonical\" href=\"https:\/\/www.cubaneotravel.com\/it\/alloggio-casas-particular-cuba\/\" \/>\n<meta property=\"og:locale\" content=\"it_IT\" \/>\n<meta property=\"og:type\" content=\"article\" \/>\n<meta property=\"og:title\" content=\"Casas Particular Cuba \u1405 Le Migliori Casas Particular a Cuba\" \/>\n<meta property=\"og:description\" content=\"Alloggio Cuba \u1405 Selezioniamo le migliori casas particular a Cuba per i nostri viaggiatori. Centrale, confortevole\" \/>\n<meta property=\"og:url\" content=\"https:\/\/www.cubaneotravel.com\/it\/alloggio-casas-particular-cuba\/\" \/>\n<meta property=\"og:site_name\" content=\"CubaNeo Travel\" \/>\n<meta property=\"article:modified_time\" content=\"2025-06-28T09:42:55+00:00\" \/>\n<meta property=\"og:image\" content=\"https:\/\/www.cubaneotravel.com\/wp-content\/uploads\/alojamientos-cubaneo-travel-agencia-de-viajes-a-cuba-casas-particulares-2.jpg\" \/>\n\t<meta property=\"og:image:width\" content=\"960\" \/>\n\t<meta property=\"og:image:height\" content=\"686\" \/>\n\t<meta property=\"og:image:type\" content=\"image\/jpeg\" \/>\n<meta name=\"twitter:card\" content=\"summary_large_image\" \/>\n<meta name=\"twitter:label1\" content=\"Tempo di lettura stimato\" \/>\n\t<meta name=\"twitter:data1\" content=\"5 minuti\" \/>\n<script type=\"application\/ld+json\" class=\"yoast-schema-graph\">{\"@context\":\"https:\\\/\\\/schema.org\",\"@graph\":[{\"@type\":\"WebPage\",\"@id\":\"https:\\\/\\\/www.cubaneotravel.com\\\/it\\\/alloggio-casas-particular-cuba\\\/\",\"url\":\"https:\\\/\\\/www.cubaneotravel.com\\\/it\\\/alloggio-casas-particular-cuba\\\/\",\"name\":\"Casas Particular Cuba \u1405 Le Migliori Casas Particular a Cuba\",\"isPartOf\":{\"@id\":\"https:\\\/\\\/www.cubaneotravel.com\\\/#website\"},\"primaryImageOfPage\":{\"@id\":\"https:\\\/\\\/www.cubaneotravel.com\\\/it\\\/alloggio-casas-particular-cuba\\\/#primaryimage\"},\"image\":{\"@id\":\"https:\\\/\\\/www.cubaneotravel.com\\\/it\\\/alloggio-casas-particular-cuba\\\/#primaryimage\"},\"thumbnailUrl\":\"https:\\\/\\\/www.cubaneotravel.com\\\/wp-content\\\/uploads\\\/alojamientos-cubaneo-travel-agencia-de-viajes-a-cuba-casas-particulares-2.jpg\",\"datePublished\":\"2023-03-24T16:14:17+00:00\",\"dateModified\":\"2025-06-28T09:42:55+00:00\",\"description\":\"Alloggio Cuba \u1405 Selezioniamo le migliori casas particular a Cuba per i nostri viaggiatori. Centrale, confortevole\",\"breadcrumb\":{\"@id\":\"https:\\\/\\\/www.cubaneotravel.com\\\/it\\\/alloggio-casas-particular-cuba\\\/#breadcrumb\"},\"inLanguage\":\"it-IT\",\"potentialAction\":[{\"@type\":\"ReadAction\",\"target\":[\"https:\\\/\\\/www.cubaneotravel.com\\\/it\\\/alloggio-casas-particular-cuba\\\/\"]}]},{\"@type\":\"ImageObject\",\"inLanguage\":\"it-IT\",\"@id\":\"https:\\\/\\\/www.cubaneotravel.com\\\/it\\\/alloggio-casas-particular-cuba\\\/#primaryimage\",\"url\":\"https:\\\/\\\/www.cubaneotravel.com\\\/wp-content\\\/uploads\\\/alojamientos-cubaneo-travel-agencia-de-viajes-a-cuba-casas-particulares-2.jpg\",\"contentUrl\":\"https:\\\/\\\/www.cubaneotravel.com\\\/wp-content\\\/uploads\\\/alojamientos-cubaneo-travel-agencia-de-viajes-a-cuba-casas-particulares-2.jpg\"},{\"@type\":\"BreadcrumbList\",\"@id\":\"https:\\\/\\\/www.cubaneotravel.com\\\/it\\\/alloggio-casas-particular-cuba\\\/#breadcrumb\",\"itemListElement\":[{\"@type\":\"ListItem\",\"position\":1,\"name\":\"Home\",\"item\":\"https:\\\/\\\/www.cubaneotravel.com\\\/it\\\/\"},{\"@type\":\"ListItem\",\"position\":2,\"name\":\"Alloggio casas particular cuba\"}]},{\"@type\":\"WebSite\",\"@id\":\"https:\\\/\\\/www.cubaneotravel.com\\\/#website\",\"url\":\"https:\\\/\\\/www.cubaneotravel.com\\\/\",\"name\":\"CubaNeo Travel\",\"description\":\"Travel agency to Cuba\",\"publisher\":{\"@id\":\"https:\\\/\\\/www.cubaneotravel.com\\\/#organization\"},\"potentialAction\":[{\"@type\":\"SearchAction\",\"target\":{\"@type\":\"EntryPoint\",\"urlTemplate\":\"https:\\\/\\\/www.cubaneotravel.com\\\/?s={search_term_string}\"},\"query-input\":{\"@type\":\"PropertyValueSpecification\",\"valueRequired\":true,\"valueName\":\"search_term_string\"}}],\"inLanguage\":\"it-IT\"},{\"@type\":\"Organization\",\"@id\":\"https:\\\/\\\/www.cubaneotravel.com\\\/#organization\",\"name\":\"CubaNeo travel\",\"url\":\"https:\\\/\\\/www.cubaneotravel.com\\\/\",\"logo\":{\"@type\":\"ImageObject\",\"inLanguage\":\"it-IT\",\"@id\":\"https:\\\/\\\/www.cubaneotravel.com\\\/#\\\/schema\\\/logo\\\/image\\\/\",\"url\":\"https:\\\/\\\/www.cubaneotravel.com\\\/wp-content\\\/uploads\\\/logo.svg\",\"contentUrl\":\"https:\\\/\\\/www.cubaneotravel.com\\\/wp-content\\\/uploads\\\/logo.svg\",\"width\":1,\"height\":1,\"caption\":\"CubaNeo travel\"},\"image\":{\"@id\":\"https:\\\/\\\/www.cubaneotravel.com\\\/#\\\/schema\\\/logo\\\/image\\\/\"}}]}<\/script>\n<!-- \/ Yoast SEO plugin. -->","yoast_head_json":{"title":"Casas Particular Cuba \u1405 Le Migliori Casas Particular a Cuba","description":"Alloggio Cuba \u1405 Selezioniamo le migliori casas particular a Cuba per i nostri viaggiatori. Centrale, confortevole","robots":{"index":"index","follow":"follow","max-snippet":"max-snippet:-1","max-image-preview":"max-image-preview:large","max-video-preview":"max-video-preview:-1"},"canonical":"https:\/\/www.cubaneotravel.com\/it\/alloggio-casas-particular-cuba\/","og_locale":"it_IT","og_type":"article","og_title":"Casas Particular Cuba \u1405 Le Migliori Casas Particular a Cuba","og_description":"Alloggio Cuba \u1405 Selezioniamo le migliori casas particular a Cuba per i nostri viaggiatori. Centrale, confortevole","og_url":"https:\/\/www.cubaneotravel.com\/it\/alloggio-casas-particular-cuba\/","og_site_name":"CubaNeo Travel","article_modified_time":"2025-06-28T09:42:55+00:00","og_image":[{"width":960,"height":686,"url":"https:\/\/www.cubaneotravel.com\/wp-content\/uploads\/alojamientos-cubaneo-travel-agencia-de-viajes-a-cuba-casas-particulares-2.jpg","type":"image\/jpeg"}],"twitter_card":"summary_large_image","twitter_misc":{"Tempo di lettura stimato":"5 minuti"},"schema":{"@context":"https:\/\/schema.org","@graph":[{"@type":"WebPage","@id":"https:\/\/www.cubaneotravel.com\/it\/alloggio-casas-particular-cuba\/","url":"https:\/\/www.cubaneotravel.com\/it\/alloggio-casas-particular-cuba\/","name":"Casas Particular Cuba \u1405 Le Migliori Casas Particular a Cuba","isPartOf":{"@id":"https:\/\/www.cubaneotravel.com\/#website"},"primaryImageOfPage":{"@id":"https:\/\/www.cubaneotravel.com\/it\/alloggio-casas-particular-cuba\/#primaryimage"},"image":{"@id":"https:\/\/www.cubaneotravel.com\/it\/alloggio-casas-particular-cuba\/#primaryimage"},"thumbnailUrl":"https:\/\/www.cubaneotravel.com\/wp-content\/uploads\/alojamientos-cubaneo-travel-agencia-de-viajes-a-cuba-casas-particulares-2.jpg","datePublished":"2023-03-24T16:14:17+00:00","dateModified":"2025-06-28T09:42:55+00:00","description":"Alloggio Cuba \u1405 Selezioniamo le migliori casas particular a Cuba per i nostri viaggiatori. Centrale, confortevole","breadcrumb":{"@id":"https:\/\/www.cubaneotravel.com\/it\/alloggio-casas-particular-cuba\/#breadcrumb"},"inLanguage":"it-IT","potentialAction":[{"@type":"ReadAction","target":["https:\/\/www.cubaneotravel.com\/it\/alloggio-casas-particular-cuba\/"]}]},{"@type":"ImageObject","inLanguage":"it-IT","@id":"https:\/\/www.cubaneotravel.com\/it\/alloggio-casas-particular-cuba\/#primaryimage","url":"https:\/\/www.cubaneotravel.com\/wp-content\/uploads\/alojamientos-cubaneo-travel-agencia-de-viajes-a-cuba-casas-particulares-2.jpg","contentUrl":"https:\/\/www.cubaneotravel.com\/wp-content\/uploads\/alojamientos-cubaneo-travel-agencia-de-viajes-a-cuba-casas-particulares-2.jpg"},{"@type":"BreadcrumbList","@id":"https:\/\/www.cubaneotravel.com\/it\/alloggio-casas-particular-cuba\/#breadcrumb","itemListElement":[{"@type":"ListItem","position":1,"name":"Home","item":"https:\/\/www.cubaneotravel.com\/it\/"},{"@type":"ListItem","position":2,"name":"Alloggio casas particular cuba"}]},{"@type":"WebSite","@id":"https:\/\/www.cubaneotravel.com\/#website","url":"https:\/\/www.cubaneotravel.com\/","name":"CubaNeo Travel","description":"Travel agency to Cuba","publisher":{"@id":"https:\/\/www.cubaneotravel.com\/#organization"},"potentialAction":[{"@type":"SearchAction","target":{"@type":"EntryPoint","urlTemplate":"https:\/\/www.cubaneotravel.com\/?s={search_term_string}"},"query-input":{"@type":"PropertyValueSpecification","valueRequired":true,"valueName":"search_term_string"}}],"inLanguage":"it-IT"},{"@type":"Organization","@id":"https:\/\/www.cubaneotravel.com\/#organization","name":"CubaNeo travel","url":"https:\/\/www.cubaneotravel.com\/","logo":{"@type":"ImageObject","inLanguage":"it-IT","@id":"https:\/\/www.cubaneotravel.com\/#\/schema\/logo\/image\/","url":"https:\/\/www.cubaneotravel.com\/wp-content\/uploads\/logo.svg","contentUrl":"https:\/\/www.cubaneotravel.com\/wp-content\/uploads\/logo.svg","width":1,"height":1,"caption":"CubaNeo travel"},"image":{"@id":"https:\/\/www.cubaneotravel.com\/#\/schema\/logo\/image\/"}}]}},"_links":{"self":[{"href":"https:\/\/www.cubaneotravel.com\/it\/wp-json\/wp\/v2\/pages\/12003","targetHints":{"allow":["GET"]}}],"collection":[{"href":"https:\/\/www.cubaneotravel.com\/it\/wp-json\/wp\/v2\/pages"}],"about":[{"href":"https:\/\/www.cubaneotravel.com\/it\/wp-json\/wp\/v2\/types\/page"}],"author":[{"embeddable":true,"href":"https:\/\/www.cubaneotravel.com\/it\/wp-json\/wp\/v2\/users\/1"}],"replies":[{"embeddable":true,"href":"https:\/\/www.cubaneotravel.com\/it\/wp-json\/wp\/v2\/comments?post=12003"}],"version-history":[{"count":8,"href":"https:\/\/www.cubaneotravel.com\/it\/wp-json\/wp\/v2\/pages\/12003\/revisions"}],"predecessor-version":[{"id":19121,"href":"https:\/\/www.cubaneotravel.com\/it\/wp-json\/wp\/v2\/pages\/12003\/revisions\/19121"}],"wp:attachment":[{"href":"https:\/\/www.cubaneotravel.com\/it\/wp-json\/wp\/v2\/media?parent=12003"}],"curies":[{"name":"wp","href":"https:\/\/api.w.org\/{rel}","templated":true}]}}