{"id":10673,"date":"2022-04-11T15:32:21","date_gmt":"2022-04-11T13:32:21","guid":{"rendered":"https:\/\/www.cubaneotravel.com\/escursioni-cuba\/"},"modified":"2025-06-27T22:21:21","modified_gmt":"2025-06-27T20:21:21","slug":"escursioni-cuba","status":"publish","type":"page","link":"https:\/\/www.cubaneotravel.com\/it\/escursioni-cuba\/","title":{"rendered":"Escursioni Cuba"},"content":{"rendered":"<div class=\"wpb-content-wrapper\">[mk_page_section bg_image=&#8221;https:\/\/www.cubaneotravel.com\/wp-content\/uploads\/prueba-44.jpg&#8221; bg_position=&#8221;center center&#8221; bg_repeat=&#8221;no-repeat&#8221; min_height=&#8221;500&#8243; js_vertical_centered=&#8221;true&#8221; padding_top=&#8221;50&#8243; padding_bottom=&#8221;50&#8243; margin_bottom=&#8221;50&#8243; sidebar=&#8221;sidebar-1&#8243;][vc_column][mk_fancy_title strip_tags=&#8221;true&#8221; tag_name=&#8221;h1&#8243; color=&#8221;#ffffff&#8221; size=&#8221;72&#8243; force_font_size=&#8221;true&#8221; size_phone=&#8221;48&#8243; margin_bottom=&#8221;0&#8243; font_family=&#8221;none&#8221; align=&#8221;center&#8221; drop_shadow=&#8221;true&#8221; shadow_angle=&#8221;0&#8243; shadow_distance=&#8221;15&#8243;]Escursioni Cuba[\/mk_fancy_title][mk_fancy_title strip_tags=&#8221;true&#8221; color=&#8221;#ffffff&#8221; size=&#8221;32&#8243; force_font_size=&#8221;true&#8221; size_phone=&#8221;24&#8243; font_weight=&#8221;bold&#8221; margin_bottom=&#8221;0&#8243; font_family=&#8221;Roboto&#8221; font_type=&#8221;google&#8221; align=&#8221;center&#8221; visibility=&#8221;hidden-sm&#8221; drop_shadow=&#8221;true&#8221; shadow_angle=&#8221;0&#8243; shadow_distance=&#8221;10&#8243; shadow_color=&#8221;rgba(0,0,0,0.7)&#8221;][\/mk_fancy_title][mk_padding_divider size=&#8221;50&#8243; visibility=&#8221;visible-sm&#8221;][\/vc_column][\/mk_page_section][mk_page_section padding_top=&#8221;0&#8243; padding_bottom=&#8221;30&#8243; sidebar=&#8221;sidebar-1&#8243;][vc_column width=&#8221;5\/6&#8243;][vc_column_text css=&#8221;.vc_custom_1649684991133{margin-bottom: 0px !important;}&#8221;]\n<h2>Escursioni Cuba Neo Travel<\/h2>\n<p>Con le nostre Escursioni Cuba puoi rendere il tuo viaggio ancora pi\u00f9 speciale. Lascia che ti raccontiamo le cose tipiche da vedere a Cuba attraverso le nostre attivit\u00e0. Con le Escursioni Cuba potrai sapere com&#8217;\u00e8 la vita quotidiana in questo paese e la sua cultura autentica.<br \/>\nLa maggior parte dei nostri tour include alcune delle seguenti escursioni. Ovviamente possono essere prenotati anche separatamente.[\/vc_column_text][\/vc_column][vc_column width=&#8221;1\/6&#8243;][\/vc_column][\/mk_page_section][mk_page_section padding_top=&#8221;0&#8243; padding_bottom=&#8221;30&#8243; sidebar=&#8221;sidebar-1&#8243;][vc_column][mk_blog style=&#8221;thumbnail&#8221; post_count=&#8221;-1&#8243; excerpt_length=&#8221;400&#8243; cat=&#8221;5&#8243;][\/vc_column][\/mk_page_section][vc_row][vc_column][mk_padding_divider][vc_column_text css=&#8221;.vc_custom_1676098535905{margin-bottom: 0px !important;}&#8221;]Escursioni Cuba Neo Travel<\/p>\n<p>Per rendere il tuo viaggio ancora pi\u00f9 speciale, abbiamo preparato con cura escursioni a Cuba. Con le nostre attivit\u00e0 puoi avere un&#8217;idea migliore e pi\u00f9 ampia delle cose tipiche di Cuba. Nella maggior parte dei tour sono incluse alcune escursioni, ma ovviamente puoi prolungare il tuo viaggio aggiungendo escursioni che ti piacciono! Hai domande su qualche escursione? <a href=\"https:\/\/www.cubaneotravel.com\/it\/contatti\/\">Contattaci<\/a> per favore. Inoltre, in ciascuna delle destinazioni e citt\u00e0 che visitiamo, ci sono opzioni per il tempo libero e altre attivit\u00e0 offerte dagli uffici turistici di queste destinazioni.<\/p>\n<p>Puoi anche chiederci una consulenza senza impegno. In tutte le destinazioni e citt\u00e0 ci sono escursioni, quindi ovunque tu sia, abbiamo sempre qualcosa a disposizione per te! Al momento della prenotazione del tuo tour, indica anche quali escursioni vuoi prenotare. Solo le escursioni a El Nicho e La gran piedra possono essere prenotate in loco con l&#8217;autista dell&#8217;auto con cui viaggi.<\/p>\n<p>Ovviamente \u00e8 sempre utile essere ben preparati quando si viaggia. Ecco perch\u00e9 \u00e8 bene leggere i pratici consigli di viaggio. Cuba \u00e8 un grande paese in cui le cose spesso si rivelano leggermente diverse da quelle a cui sei abituato. Ecco perch\u00e9 \u00e8 molto importante prepararsi bene. Ma anche con una buona preparazione dovrai affrontare sorprese a Cuba. Ma questo \u00e8 ci\u00f2 che rende il viaggio a <a href=\"https:\/\/it.wikipedia.org\/wiki\/Cuba\">Cuba<\/a> cos\u00ec divertente e interessante! Per ulteriori informazioni e suggerimenti che aggiungeranno qualcosa in pi\u00f9 al tuo viaggio, puoi leggere i nostri blog di viaggio. Qui vengono discussi vari argomenti, come L&#8217;Avana con i bambini o le informazioni sui viaggi sostenibili.[\/vc_column_text][mk_padding_divider][\/vc_column][\/vc_row][mk_page_section bg_color=&#8221;#00aeef&#8221; min_height=&#8221;0&#8243; js_vertical_centered=&#8221;true&#8221; padding_top=&#8221;50&#8243; padding_bottom=&#8221;50&#8243; sidebar=&#8221;sidebar-1&#8243;][vc_column width=&#8221;2\/3&#8243;][mk_fancy_title color=&#8221;#ffffff&#8221; size=&#8221;42&#8243; force_font_size=&#8221;true&#8221; size_phone=&#8221;42&#8243; margin_bottom=&#8221;0&#8243; font_family=&#8221;none&#8221;]Richiedi la tua proposta di viaggio[\/mk_fancy_title][\/vc_column][vc_column width=&#8221;1\/3&#8243;][mk_button dimension=&#8221;flat&#8221; size=&#8221;large&#8221; url=&#8221;https:\/\/www.cubaneotravel.com\/it\/richiedi-proposta-di-viaggio\/&#8221; bg_color=&#8221;#ffffff&#8221; btn_hover_bg=&#8221;rgba(255,255,255,0.5)&#8221; text_color=&#8221;dark&#8221;]Richiedi proposta[\/mk_button][\/vc_column][\/mk_page_section]\n<\/div>","protected":false},"excerpt":{"rendered":"<p>[mk_page_section bg_image=&#8221;https:\/\/www.cubaneotravel.com\/wp-content\/uploads\/prueba-44.jpg&#8221; bg_position=&#8221;center center&#8221; bg_repeat=&#8221;no-repeat&#8221; min_height=&#8221;500&#8243; js_vertical_centered=&#8221;true&#8221; padding_top=&#8221;50&#8243; padding_bottom=&#8221;50&#8243; margin_bottom=&#8221;50&#8243; sidebar=&#8221;sidebar-1&#8243;][vc_column][mk_fancy_title strip_tags=&#8221;true&#8221; tag_name=&#8221;h1&#8243; color=&#8221;#ffffff&#8221; size=&#8221;72&#8243; force_font_size=&#8221;true&#8221; size_phone=&#8221;48&#8243; margin_bottom=&#8221;0&#8243; font_family=&#8221;none&#8221; align=&#8221;center&#8221; drop_shadow=&#8221;true&#8221; shadow_angle=&#8221;0&#8243; shadow_distance=&#8221;15&#8243;]Escursioni Cuba[\/mk_fancy_title][mk_fancy_title strip_tags=&#8221;true&#8221; color=&#8221;#ffffff&#8221; size=&#8221;32&#8243; force_font_size=&#8221;true&#8221; size_phone=&#8221;24&#8243; font_weight=&#8221;bold&#8221; margin_bottom=&#8221;0&#8243; font_family=&#8221;Roboto&#8221; font_type=&#8221;google&#8221; align=&#8221;center&#8221; visibility=&#8221;hidden-sm&#8221; drop_shadow=&#8221;true&#8221; shadow_angle=&#8221;0&#8243; shadow_distance=&#8221;10&#8243; shadow_color=&#8221;rgba(0,0,0,0.7)&#8221;][\/mk_fancy_title][mk_padding_divider size=&#8221;50&#8243; visibility=&#8221;visible-sm&#8221;][\/vc_column][\/mk_page_section][mk_page_section padding_top=&#8221;0&#8243; padding_bottom=&#8221;30&#8243; sidebar=&#8221;sidebar-1&#8243;][vc_column width=&#8221;5\/6&#8243;][vc_column_text css=&#8221;.vc_custom_1649684991133{margin-bottom: 0px !important;}&#8221;] Escursioni Cuba Neo Travel Con le nostre [&hellip;]<\/p>\n","protected":false},"author":1,"featured_media":0,"parent":0,"menu_order":0,"comment_status":"closed","ping_status":"closed","template":"","meta":{"footnotes":""},"class_list":["post-10673","page","type-page","status-publish","hentry"],"yoast_head":"<!-- This site is optimized with the Yoast SEO plugin v27.5 - https:\/\/yoast.com\/product\/yoast-seo-wordpress\/ -->\n<title>Escursioni Cuba - Con Le Famiglie Locali - CubaNeo Travel<\/title>\n<meta name=\"description\" content=\"Escursioni Cuba. Le nostre escursioni a Cuba si basano sul contatto con le famiglie locali. Andiamo nella profonda Cuba\" \/>\n<meta name=\"robots\" content=\"index, follow, max-snippet:-1, max-image-preview:large, max-video-preview:-1\" \/>\n<link rel=\"canonical\" href=\"https:\/\/www.cubaneotravel.com\/it\/escursioni-cuba\/\" \/>\n<meta property=\"og:locale\" content=\"it_IT\" \/>\n<meta property=\"og:type\" content=\"article\" \/>\n<meta property=\"og:title\" content=\"Escursioni Cuba - Con Le Famiglie Locali - CubaNeo Travel\" \/>\n<meta property=\"og:description\" content=\"Escursioni Cuba. Le nostre escursioni a Cuba si basano sul contatto con le famiglie locali. Andiamo nella profonda Cuba\" \/>\n<meta property=\"og:url\" content=\"https:\/\/www.cubaneotravel.com\/it\/escursioni-cuba\/\" \/>\n<meta property=\"og:site_name\" content=\"CubaNeo Travel\" \/>\n<meta property=\"article:modified_time\" content=\"2025-06-27T20:21:21+00:00\" \/>\n<meta name=\"twitter:card\" content=\"summary_large_image\" \/>\n<meta name=\"twitter:label1\" content=\"Tempo di lettura stimato\" \/>\n\t<meta name=\"twitter:data1\" content=\"3 minuti\" \/>\n<script type=\"application\/ld+json\" class=\"yoast-schema-graph\">{\"@context\":\"https:\\\/\\\/schema.org\",\"@graph\":[{\"@type\":\"WebPage\",\"@id\":\"https:\\\/\\\/www.cubaneotravel.com\\\/it\\\/escursioni-cuba\\\/\",\"url\":\"https:\\\/\\\/www.cubaneotravel.com\\\/it\\\/escursioni-cuba\\\/\",\"name\":\"Escursioni Cuba - Con Le Famiglie Locali - CubaNeo Travel\",\"isPartOf\":{\"@id\":\"https:\\\/\\\/www.cubaneotravel.com\\\/#website\"},\"datePublished\":\"2022-04-11T13:32:21+00:00\",\"dateModified\":\"2025-06-27T20:21:21+00:00\",\"description\":\"Escursioni Cuba. Le nostre escursioni a Cuba si basano sul contatto con le famiglie locali. Andiamo nella profonda Cuba\",\"breadcrumb\":{\"@id\":\"https:\\\/\\\/www.cubaneotravel.com\\\/it\\\/escursioni-cuba\\\/#breadcrumb\"},\"inLanguage\":\"it-IT\",\"potentialAction\":[{\"@type\":\"ReadAction\",\"target\":[\"https:\\\/\\\/www.cubaneotravel.com\\\/it\\\/escursioni-cuba\\\/\"]}]},{\"@type\":\"BreadcrumbList\",\"@id\":\"https:\\\/\\\/www.cubaneotravel.com\\\/it\\\/escursioni-cuba\\\/#breadcrumb\",\"itemListElement\":[{\"@type\":\"ListItem\",\"position\":1,\"name\":\"Home\",\"item\":\"https:\\\/\\\/www.cubaneotravel.com\\\/it\\\/\"},{\"@type\":\"ListItem\",\"position\":2,\"name\":\"Escursioni Cuba\"}]},{\"@type\":\"WebSite\",\"@id\":\"https:\\\/\\\/www.cubaneotravel.com\\\/#website\",\"url\":\"https:\\\/\\\/www.cubaneotravel.com\\\/\",\"name\":\"CubaNeo Travel\",\"description\":\"Travel agency to Cuba\",\"publisher\":{\"@id\":\"https:\\\/\\\/www.cubaneotravel.com\\\/#organization\"},\"potentialAction\":[{\"@type\":\"SearchAction\",\"target\":{\"@type\":\"EntryPoint\",\"urlTemplate\":\"https:\\\/\\\/www.cubaneotravel.com\\\/?s={search_term_string}\"},\"query-input\":{\"@type\":\"PropertyValueSpecification\",\"valueRequired\":true,\"valueName\":\"search_term_string\"}}],\"inLanguage\":\"it-IT\"},{\"@type\":\"Organization\",\"@id\":\"https:\\\/\\\/www.cubaneotravel.com\\\/#organization\",\"name\":\"CubaNeo travel\",\"url\":\"https:\\\/\\\/www.cubaneotravel.com\\\/\",\"logo\":{\"@type\":\"ImageObject\",\"inLanguage\":\"it-IT\",\"@id\":\"https:\\\/\\\/www.cubaneotravel.com\\\/#\\\/schema\\\/logo\\\/image\\\/\",\"url\":\"https:\\\/\\\/www.cubaneotravel.com\\\/wp-content\\\/uploads\\\/logo.svg\",\"contentUrl\":\"https:\\\/\\\/www.cubaneotravel.com\\\/wp-content\\\/uploads\\\/logo.svg\",\"width\":1,\"height\":1,\"caption\":\"CubaNeo travel\"},\"image\":{\"@id\":\"https:\\\/\\\/www.cubaneotravel.com\\\/#\\\/schema\\\/logo\\\/image\\\/\"}}]}<\/script>\n<!-- \/ Yoast SEO plugin. -->","yoast_head_json":{"title":"Escursioni Cuba - Con Le Famiglie Locali - CubaNeo Travel","description":"Escursioni Cuba. Le nostre escursioni a Cuba si basano sul contatto con le famiglie locali. Andiamo nella profonda Cuba","robots":{"index":"index","follow":"follow","max-snippet":"max-snippet:-1","max-image-preview":"max-image-preview:large","max-video-preview":"max-video-preview:-1"},"canonical":"https:\/\/www.cubaneotravel.com\/it\/escursioni-cuba\/","og_locale":"it_IT","og_type":"article","og_title":"Escursioni Cuba - Con Le Famiglie Locali - CubaNeo Travel","og_description":"Escursioni Cuba. Le nostre escursioni a Cuba si basano sul contatto con le famiglie locali. Andiamo nella profonda Cuba","og_url":"https:\/\/www.cubaneotravel.com\/it\/escursioni-cuba\/","og_site_name":"CubaNeo Travel","article_modified_time":"2025-06-27T20:21:21+00:00","twitter_card":"summary_large_image","twitter_misc":{"Tempo di lettura stimato":"3 minuti"},"schema":{"@context":"https:\/\/schema.org","@graph":[{"@type":"WebPage","@id":"https:\/\/www.cubaneotravel.com\/it\/escursioni-cuba\/","url":"https:\/\/www.cubaneotravel.com\/it\/escursioni-cuba\/","name":"Escursioni Cuba - Con Le Famiglie Locali - CubaNeo Travel","isPartOf":{"@id":"https:\/\/www.cubaneotravel.com\/#website"},"datePublished":"2022-04-11T13:32:21+00:00","dateModified":"2025-06-27T20:21:21+00:00","description":"Escursioni Cuba. Le nostre escursioni a Cuba si basano sul contatto con le famiglie locali. Andiamo nella profonda Cuba","breadcrumb":{"@id":"https:\/\/www.cubaneotravel.com\/it\/escursioni-cuba\/#breadcrumb"},"inLanguage":"it-IT","potentialAction":[{"@type":"ReadAction","target":["https:\/\/www.cubaneotravel.com\/it\/escursioni-cuba\/"]}]},{"@type":"BreadcrumbList","@id":"https:\/\/www.cubaneotravel.com\/it\/escursioni-cuba\/#breadcrumb","itemListElement":[{"@type":"ListItem","position":1,"name":"Home","item":"https:\/\/www.cubaneotravel.com\/it\/"},{"@type":"ListItem","position":2,"name":"Escursioni Cuba"}]},{"@type":"WebSite","@id":"https:\/\/www.cubaneotravel.com\/#website","url":"https:\/\/www.cubaneotravel.com\/","name":"CubaNeo Travel","description":"Travel agency to Cuba","publisher":{"@id":"https:\/\/www.cubaneotravel.com\/#organization"},"potentialAction":[{"@type":"SearchAction","target":{"@type":"EntryPoint","urlTemplate":"https:\/\/www.cubaneotravel.com\/?s={search_term_string}"},"query-input":{"@type":"PropertyValueSpecification","valueRequired":true,"valueName":"search_term_string"}}],"inLanguage":"it-IT"},{"@type":"Organization","@id":"https:\/\/www.cubaneotravel.com\/#organization","name":"CubaNeo travel","url":"https:\/\/www.cubaneotravel.com\/","logo":{"@type":"ImageObject","inLanguage":"it-IT","@id":"https:\/\/www.cubaneotravel.com\/#\/schema\/logo\/image\/","url":"https:\/\/www.cubaneotravel.com\/wp-content\/uploads\/logo.svg","contentUrl":"https:\/\/www.cubaneotravel.com\/wp-content\/uploads\/logo.svg","width":1,"height":1,"caption":"CubaNeo travel"},"image":{"@id":"https:\/\/www.cubaneotravel.com\/#\/schema\/logo\/image\/"}}]}},"_links":{"self":[{"href":"https:\/\/www.cubaneotravel.com\/it\/wp-json\/wp\/v2\/pages\/10673","targetHints":{"allow":["GET"]}}],"collection":[{"href":"https:\/\/www.cubaneotravel.com\/it\/wp-json\/wp\/v2\/pages"}],"about":[{"href":"https:\/\/www.cubaneotravel.com\/it\/wp-json\/wp\/v2\/types\/page"}],"author":[{"embeddable":true,"href":"https:\/\/www.cubaneotravel.com\/it\/wp-json\/wp\/v2\/users\/1"}],"replies":[{"embeddable":true,"href":"https:\/\/www.cubaneotravel.com\/it\/wp-json\/wp\/v2\/comments?post=10673"}],"version-history":[{"count":13,"href":"https:\/\/www.cubaneotravel.com\/it\/wp-json\/wp\/v2\/pages\/10673\/revisions"}],"predecessor-version":[{"id":19115,"href":"https:\/\/www.cubaneotravel.com\/it\/wp-json\/wp\/v2\/pages\/10673\/revisions\/19115"}],"wp:attachment":[{"href":"https:\/\/www.cubaneotravel.com\/it\/wp-json\/wp\/v2\/media?parent=10673"}],"curies":[{"name":"wp","href":"https:\/\/api.w.org\/{rel}","templated":true}]}}