{"id":2055,"date":"2019-07-05T12:36:53","date_gmt":"2019-07-05T12:36:53","guid":{"rendered":"https:\/\/www.cubaneotravel.com\/casas-particulares\/"},"modified":"2025-06-27T21:59:13","modified_gmt":"2025-06-27T19:59:13","slug":"casas-particulares","status":"publish","type":"page","link":"https:\/\/www.cubaneotravel.com\/es\/casas-particulares\/","title":{"rendered":"Casas particulares en Cuba"},"content":{"rendered":"<div class=\"wpb-content-wrapper\">[mk_page_section bg_image=\u00bbhttps:\/\/www.cubaneotravel.com\/wp-content\/uploads\/7.jpg\u00bb bg_position=\u00bbcenter center\u00bb bg_repeat=\u00bbno-repeat\u00bb min_height=\u00bb500&#8243; js_vertical_centered=\u00bbtrue\u00bb padding_top=\u00bb50&#8243; padding_bottom=\u00bb50&#8243; margin_bottom=\u00bb50&#8243; sidebar=\u00bbsidebar-1&#8243;][vc_column][mk_fancy_title strip_tags=\u00bbtrue\u00bb tag_name=\u00bbh1&#8243; color=\u00bb#ffffff\u00bb size=\u00bb72&#8243; force_font_size=\u00bbtrue\u00bb size_phone=\u00bb48&#8243; margin_bottom=\u00bb0&#8243; font_family=\u00bbnone\u00bb align=\u00bbcenter\u00bb drop_shadow=\u00bbtrue\u00bb shadow_angle=\u00bb0&#8243; shadow_distance=\u00bb15&#8243;]Casas particulares Cuba Neo Travel[\/mk_fancy_title][mk_fancy_title color=\u00bb#ffffff\u00bb size=\u00bb32&#8243; force_font_size=\u00bbtrue\u00bb size_phone=\u00bb24&#8243; font_weight=\u00bbbold\u00bb margin_bottom=\u00bb0&#8243; font_family=\u00bbRoboto\u00bb font_type=\u00bbgoogle\u00bb align=\u00bbcenter\u00bb visibility=\u00bbhidden-sm\u00bb drop_shadow=\u00bbtrue\u00bb shadow_angle=\u00bb0&#8243; shadow_distance=\u00bb10&#8243; shadow_color=\u00bbrgba(0,0,0,0.7)\u00bb][\/mk_fancy_title][mk_padding_divider size=\u00bb50&#8243; visibility=\u00bbvisible-sm\u00bb][\/vc_column][\/mk_page_section][mk_page_section padding_top=\u00bb0&#8243; padding_bottom=\u00bb30&#8243; sidebar=\u00bbsidebar-1&#8243;][vc_column][vc_column_text css=\u00bb.vc_custom_1648738302544{margin-bottom: 0px !important;}\u00bb]\n<h2 style=\"text-align: left;\">Las casas particulares en Cuba<\/h2>\n<h3>Que son las casas particulares en Cuba y c\u00f3mo funcionan?<\/h3>\n<p>Las casas particulares en Cuba son los denominados (bed &amp; breakfast). Son casas de cubanos emprendedores que cuentan con las licencias y permisos requeridos por el Estado para el servicio de alojamiento a los viajeros en Cuba. Funcionan como peque\u00f1as empresas familiares que se dedican a la renta del turismo.<\/p>\n<p><img loading=\"lazy\" decoding=\"async\" class=\"aligncenter wp-image-10543\" src=\"https:\/\/www.cubaneotravel.com\/wp-content\/uploads\/alojamientos-cubaneo-travel-agencia-de-viajes-a-cuba-casas-particulares-2.jpg\" alt=\"\" width=\"1155\" height=\"825\" srcset=\"https:\/\/www.cubaneotravel.com\/wp-content\/uploads\/alojamientos-cubaneo-travel-agencia-de-viajes-a-cuba-casas-particulares-2.jpg 960w, https:\/\/www.cubaneotravel.com\/wp-content\/uploads\/alojamientos-cubaneo-travel-agencia-de-viajes-a-cuba-casas-particulares-2-300x214.jpg 300w, https:\/\/www.cubaneotravel.com\/wp-content\/uploads\/alojamientos-cubaneo-travel-agencia-de-viajes-a-cuba-casas-particulares-2-768x549.jpg 768w\" sizes=\"auto, (max-width: 1155px) 100vw, 1155px\" \/>[\/vc_column_text][mk_padding_divider size=\u00bb30&#8243;][\/vc_column][\/mk_page_section][mk_page_section padding_top=\u00bb0&#8243; padding_bottom=\u00bb30&#8243; sidebar=\u00bbsidebar-1&#8243;][vc_column width=\u00bb1\/2&#8243;][vc_column_text css=\u00bb.vc_custom_1723922478697{margin-bottom: 0px !important;}\u00bb]\n<h3>Recorridos con alojamientos en Casas Particulares<\/h3>\n<p>El alojamiento en nuestros recorridos por Cuba son en Casas Particulares (bed &amp; breakfast) Te hospedas en casas de familias cubanas en habitaciones climatizadas de buen confort y con ba\u00f1o independiente. Cuentan con suficiente privacidad y buen servicio. Quedar en una casa particular es una buena alternativa y mas econ\u00f3mica que hospedarse en un hotel. Son empresas privadas y esto hace que sea importante para los propietarios que usted sea la prioridad. En los hoteles a menudo hay menos atenci\u00f3n y servicio no personalizado para los hu\u00e9spedes.[\/vc_column_text][\/vc_column][vc_column width=\u00bb1\/2&#8243;][vc_column_text css=\u00bb.vc_custom_1648746173942{margin-bottom: 0px !important;}\u00bb]\n<h3>Alojamientos en toda Cuba con la mejor ubicaci\u00f3n<\/h3>\n<p>Las Casas Particulares que reservamos para nuestros recorridos est\u00e1n siempre en una buena ubicaci\u00f3n, en el centro de cada ciudad. Son de buena calidad para que disfrutes de una estancia confortable. Generalmente tienen \u00e1reas comunes que puede usar, como la sala de estar, patio o balc\u00f3n. Tambi\u00e9n puede solicitarnos hacer su viaje mas personalizado en casas enteras independientes. El desayuno est\u00e1 incluido en el precio. Si desea servicio de almuerzo y comida en su casa particular se puede organizar en coordinaci\u00f3n y previa consulta con la familia de la casa. Ellos tambi\u00e9n pueden ayudarle y aconsejarle sobre la din\u00e1mica local[\/vc_column_text][\/vc_column][\/mk_page_section][vc_row][vc_column][mk_padding_divider size=\u00bb30&#8243;][mk_swipe_slideshow images=\u00bb10525,10522,10537,10528,10534,10531,10540,10543&#8243; image_width=\u00bb1200&#8243; image_height=\u00bb720&#8243;][vc_column_text css=\u00bb.vc_custom_1723922435354{margin-bottom: 0px !important;}\u00bb]Ofrecemos cuartos para 1, 2 y 4 personas (estudiantes o grupos de amigos con presupuesto moderado). Tambi\u00e9n disponemos de casas completas de hasta 4 cuartos para grupos de hasta 10 personas. Ofrecemos alojamientos en casas particulares\u00a0 en Cuba. Ponte en contacto con nosotros.[\/vc_column_text][mk_padding_divider size=\u00bb80&#8243;][\/vc_column][\/vc_row][mk_page_section padding_top=\u00bb0&#8243; padding_bottom=\u00bb30&#8243; sidebar=\u00bbsidebar-1&#8243;][vc_column][vc_column_text css=\u00bb.vc_custom_1648745912551{margin-bottom: 0px !important;}\u00bb]Le resulta interesante visitar una familia cubana que no vive en lugares c\u00e9ntricos y no tiene contacto con turistas? Puede solicitar en su recorrido nuestra excursi\u00f3n \u00ab<a href=\"https:\/\/www.cubaneotravel.com\/es\/autentica-cuba\/\">La autentica Cuba con una familia local<\/a>\u00bb y ver como es la vida cotidiana en <a href=\"https:\/\/es.wikipedia.org\/wiki\/Cuba\">Cuba<\/a>[\/vc_column_text][mk_gallery images=\u00bb1461,408,427&#8243; height=\u00bb200&#8243;][\/vc_column][\/mk_page_section][mk_page_section bg_color=\u00bb#00aeef\u00bb min_height=\u00bb0&#8243; js_vertical_centered=\u00bbtrue\u00bb padding_top=\u00bb50&#8243; padding_bottom=\u00bb50&#8243; sidebar=\u00bbsidebar-1&#8243;][vc_column width=\u00bb2\/3&#8243;][mk_fancy_title color=\u00bb#ffffff\u00bb size=\u00bb42&#8243; force_font_size=\u00bbtrue\u00bb size_phone=\u00bb42&#8243; margin_bottom=\u00bb0&#8243; font_family=\u00bbnone\u00bb]Solicite una propuesta de viaje[\/mk_fancy_title][\/vc_column][vc_column width=\u00bb1\/3&#8243;][mk_button dimension=\u00bbflat\u00bb size=\u00bblarge\u00bb url=\u00bbhttps:\/\/www.cubaneotravel.com\/es\/cuentanos-todos-tus-deseos\/\u00bb bg_color=\u00bb#ffffff\u00bb btn_hover_bg=\u00bbrgba(255,255,255,0.5)\u00bb text_color=\u00bbdark\u00bb]Solicitar propuesta[\/mk_button][\/vc_column][\/mk_page_section]\n<\/div>","protected":false},"excerpt":{"rendered":"<p>[mk_page_section bg_image=\u00bbhttps:\/\/www.cubaneotravel.com\/wp-content\/uploads\/7.jpg\u00bb bg_position=\u00bbcenter center\u00bb bg_repeat=\u00bbno-repeat\u00bb min_height=\u00bb500&#8243; js_vertical_centered=\u00bbtrue\u00bb padding_top=\u00bb50&#8243; padding_bottom=\u00bb50&#8243; margin_bottom=\u00bb50&#8243; sidebar=\u00bbsidebar-1&#8243;][vc_column][mk_fancy_title strip_tags=\u00bbtrue\u00bb tag_name=\u00bbh1&#8243; color=\u00bb#ffffff\u00bb size=\u00bb72&#8243; force_font_size=\u00bbtrue\u00bb size_phone=\u00bb48&#8243; margin_bottom=\u00bb0&#8243; font_family=\u00bbnone\u00bb align=\u00bbcenter\u00bb drop_shadow=\u00bbtrue\u00bb shadow_angle=\u00bb0&#8243; shadow_distance=\u00bb15&#8243;]Casas particulares Cuba Neo Travel[\/mk_fancy_title][mk_fancy_title color=\u00bb#ffffff\u00bb size=\u00bb32&#8243; force_font_size=\u00bbtrue\u00bb size_phone=\u00bb24&#8243; font_weight=\u00bbbold\u00bb margin_bottom=\u00bb0&#8243; font_family=\u00bbRoboto\u00bb font_type=\u00bbgoogle\u00bb align=\u00bbcenter\u00bb visibility=\u00bbhidden-sm\u00bb drop_shadow=\u00bbtrue\u00bb shadow_angle=\u00bb0&#8243; shadow_distance=\u00bb10&#8243; shadow_color=\u00bbrgba(0,0,0,0.7)\u00bb][\/mk_fancy_title][mk_padding_divider size=\u00bb50&#8243; visibility=\u00bbvisible-sm\u00bb][\/vc_column][\/mk_page_section][mk_page_section padding_top=\u00bb0&#8243; padding_bottom=\u00bb30&#8243; sidebar=\u00bbsidebar-1&#8243;][vc_column][vc_column_text css=\u00bb.vc_custom_1648738302544{margin-bottom: 0px !important;}\u00bb] Las casas particulares en Cuba Que [&hellip;]<\/p>\n","protected":false},"author":1,"featured_media":0,"parent":0,"menu_order":0,"comment_status":"closed","ping_status":"closed","template":"","meta":{"footnotes":""},"class_list":["post-2055","page","type-page","status-publish","hentry"],"yoast_head":"<!-- This site is optimized with the Yoast SEO plugin v27.5 - https:\/\/yoast.com\/product\/yoast-seo-wordpress\/ -->\n<title>Casas Particulares en Cuba 2025 \u1405 El Mejor Alojamiento en Cuba<\/title>\n<meta name=\"description\" content=\"Casas Particulares en Cuba \u1405 Descubre la Cuba Profunda con especialistas locales. Circuitos Privados Contacto con familias de Cuba\" \/>\n<meta name=\"robots\" content=\"index, follow, max-snippet:-1, max-image-preview:large, max-video-preview:-1\" \/>\n<link rel=\"canonical\" href=\"https:\/\/www.cubaneotravel.com\/es\/casas-particulares\/\" \/>\n<meta property=\"og:locale\" content=\"es_ES\" \/>\n<meta property=\"og:type\" content=\"article\" \/>\n<meta property=\"og:title\" content=\"Casas Particulares en Cuba 2025 \u1405 El Mejor Alojamiento en Cuba\" \/>\n<meta property=\"og:description\" content=\"Casas Particulares en Cuba \u1405 Descubre la Cuba Profunda con especialistas locales. Circuitos Privados Contacto con familias de Cuba\" \/>\n<meta property=\"og:url\" content=\"https:\/\/www.cubaneotravel.com\/es\/casas-particulares\/\" \/>\n<meta property=\"og:site_name\" content=\"CubaNeo Travel\" \/>\n<meta property=\"article:modified_time\" content=\"2025-06-27T19:59:13+00:00\" \/>\n<meta property=\"og:image\" content=\"https:\/\/www.cubaneotravel.com\/wp-content\/uploads\/alojamientos-cubaneo-travel-agencia-de-viajes-a-cuba-casas-particulares-2.jpg\" \/>\n\t<meta property=\"og:image:width\" content=\"960\" \/>\n\t<meta property=\"og:image:height\" content=\"686\" \/>\n\t<meta property=\"og:image:type\" content=\"image\/jpeg\" \/>\n<meta name=\"twitter:card\" content=\"summary_large_image\" \/>\n<meta name=\"twitter:label1\" content=\"Tiempo de lectura\" \/>\n\t<meta name=\"twitter:data1\" content=\"3 minutos\" \/>\n<script type=\"application\/ld+json\" class=\"yoast-schema-graph\">{\"@context\":\"https:\\\/\\\/schema.org\",\"@graph\":[{\"@type\":\"WebPage\",\"@id\":\"https:\\\/\\\/www.cubaneotravel.com\\\/es\\\/casas-particulares\\\/\",\"url\":\"https:\\\/\\\/www.cubaneotravel.com\\\/es\\\/casas-particulares\\\/\",\"name\":\"Casas Particulares en Cuba 2025 \u1405 El Mejor Alojamiento en Cuba\",\"isPartOf\":{\"@id\":\"https:\\\/\\\/www.cubaneotravel.com\\\/#website\"},\"primaryImageOfPage\":{\"@id\":\"https:\\\/\\\/www.cubaneotravel.com\\\/es\\\/casas-particulares\\\/#primaryimage\"},\"image\":{\"@id\":\"https:\\\/\\\/www.cubaneotravel.com\\\/es\\\/casas-particulares\\\/#primaryimage\"},\"thumbnailUrl\":\"https:\\\/\\\/www.cubaneotravel.com\\\/wp-content\\\/uploads\\\/alojamientos-cubaneo-travel-agencia-de-viajes-a-cuba-casas-particulares-2.jpg\",\"datePublished\":\"2019-07-05T12:36:53+00:00\",\"dateModified\":\"2025-06-27T19:59:13+00:00\",\"description\":\"Casas Particulares en Cuba \u1405 Descubre la Cuba Profunda con especialistas locales. Circuitos Privados Contacto con familias de Cuba\",\"breadcrumb\":{\"@id\":\"https:\\\/\\\/www.cubaneotravel.com\\\/es\\\/casas-particulares\\\/#breadcrumb\"},\"inLanguage\":\"es\",\"potentialAction\":[{\"@type\":\"ReadAction\",\"target\":[\"https:\\\/\\\/www.cubaneotravel.com\\\/es\\\/casas-particulares\\\/\"]}]},{\"@type\":\"ImageObject\",\"inLanguage\":\"es\",\"@id\":\"https:\\\/\\\/www.cubaneotravel.com\\\/es\\\/casas-particulares\\\/#primaryimage\",\"url\":\"https:\\\/\\\/www.cubaneotravel.com\\\/wp-content\\\/uploads\\\/alojamientos-cubaneo-travel-agencia-de-viajes-a-cuba-casas-particulares-2.jpg\",\"contentUrl\":\"https:\\\/\\\/www.cubaneotravel.com\\\/wp-content\\\/uploads\\\/alojamientos-cubaneo-travel-agencia-de-viajes-a-cuba-casas-particulares-2.jpg\"},{\"@type\":\"BreadcrumbList\",\"@id\":\"https:\\\/\\\/www.cubaneotravel.com\\\/es\\\/casas-particulares\\\/#breadcrumb\",\"itemListElement\":[{\"@type\":\"ListItem\",\"position\":1,\"name\":\"Home\",\"item\":\"https:\\\/\\\/www.cubaneotravel.com\\\/es\\\/\"},{\"@type\":\"ListItem\",\"position\":2,\"name\":\"Casas particulares en Cuba\"}]},{\"@type\":\"WebSite\",\"@id\":\"https:\\\/\\\/www.cubaneotravel.com\\\/#website\",\"url\":\"https:\\\/\\\/www.cubaneotravel.com\\\/\",\"name\":\"CubaNeo Travel\",\"description\":\"Travel agency to Cuba\",\"publisher\":{\"@id\":\"https:\\\/\\\/www.cubaneotravel.com\\\/#organization\"},\"potentialAction\":[{\"@type\":\"SearchAction\",\"target\":{\"@type\":\"EntryPoint\",\"urlTemplate\":\"https:\\\/\\\/www.cubaneotravel.com\\\/?s={search_term_string}\"},\"query-input\":{\"@type\":\"PropertyValueSpecification\",\"valueRequired\":true,\"valueName\":\"search_term_string\"}}],\"inLanguage\":\"es\"},{\"@type\":\"Organization\",\"@id\":\"https:\\\/\\\/www.cubaneotravel.com\\\/#organization\",\"name\":\"CubaNeo travel\",\"url\":\"https:\\\/\\\/www.cubaneotravel.com\\\/\",\"logo\":{\"@type\":\"ImageObject\",\"inLanguage\":\"es\",\"@id\":\"https:\\\/\\\/www.cubaneotravel.com\\\/#\\\/schema\\\/logo\\\/image\\\/\",\"url\":\"https:\\\/\\\/www.cubaneotravel.com\\\/wp-content\\\/uploads\\\/logo.svg\",\"contentUrl\":\"https:\\\/\\\/www.cubaneotravel.com\\\/wp-content\\\/uploads\\\/logo.svg\",\"width\":1,\"height\":1,\"caption\":\"CubaNeo travel\"},\"image\":{\"@id\":\"https:\\\/\\\/www.cubaneotravel.com\\\/#\\\/schema\\\/logo\\\/image\\\/\"}}]}<\/script>\n<!-- \/ Yoast SEO plugin. -->","yoast_head_json":{"title":"Casas Particulares en Cuba 2025 \u1405 El Mejor Alojamiento en Cuba","description":"Casas Particulares en Cuba \u1405 Descubre la Cuba Profunda con especialistas locales. Circuitos Privados Contacto con familias de Cuba","robots":{"index":"index","follow":"follow","max-snippet":"max-snippet:-1","max-image-preview":"max-image-preview:large","max-video-preview":"max-video-preview:-1"},"canonical":"https:\/\/www.cubaneotravel.com\/es\/casas-particulares\/","og_locale":"es_ES","og_type":"article","og_title":"Casas Particulares en Cuba 2025 \u1405 El Mejor Alojamiento en Cuba","og_description":"Casas Particulares en Cuba \u1405 Descubre la Cuba Profunda con especialistas locales. Circuitos Privados Contacto con familias de Cuba","og_url":"https:\/\/www.cubaneotravel.com\/es\/casas-particulares\/","og_site_name":"CubaNeo Travel","article_modified_time":"2025-06-27T19:59:13+00:00","og_image":[{"width":960,"height":686,"url":"https:\/\/www.cubaneotravel.com\/wp-content\/uploads\/alojamientos-cubaneo-travel-agencia-de-viajes-a-cuba-casas-particulares-2.jpg","type":"image\/jpeg"}],"twitter_card":"summary_large_image","twitter_misc":{"Tiempo de lectura":"3 minutos"},"schema":{"@context":"https:\/\/schema.org","@graph":[{"@type":"WebPage","@id":"https:\/\/www.cubaneotravel.com\/es\/casas-particulares\/","url":"https:\/\/www.cubaneotravel.com\/es\/casas-particulares\/","name":"Casas Particulares en Cuba 2025 \u1405 El Mejor Alojamiento en Cuba","isPartOf":{"@id":"https:\/\/www.cubaneotravel.com\/#website"},"primaryImageOfPage":{"@id":"https:\/\/www.cubaneotravel.com\/es\/casas-particulares\/#primaryimage"},"image":{"@id":"https:\/\/www.cubaneotravel.com\/es\/casas-particulares\/#primaryimage"},"thumbnailUrl":"https:\/\/www.cubaneotravel.com\/wp-content\/uploads\/alojamientos-cubaneo-travel-agencia-de-viajes-a-cuba-casas-particulares-2.jpg","datePublished":"2019-07-05T12:36:53+00:00","dateModified":"2025-06-27T19:59:13+00:00","description":"Casas Particulares en Cuba \u1405 Descubre la Cuba Profunda con especialistas locales. Circuitos Privados Contacto con familias de Cuba","breadcrumb":{"@id":"https:\/\/www.cubaneotravel.com\/es\/casas-particulares\/#breadcrumb"},"inLanguage":"es","potentialAction":[{"@type":"ReadAction","target":["https:\/\/www.cubaneotravel.com\/es\/casas-particulares\/"]}]},{"@type":"ImageObject","inLanguage":"es","@id":"https:\/\/www.cubaneotravel.com\/es\/casas-particulares\/#primaryimage","url":"https:\/\/www.cubaneotravel.com\/wp-content\/uploads\/alojamientos-cubaneo-travel-agencia-de-viajes-a-cuba-casas-particulares-2.jpg","contentUrl":"https:\/\/www.cubaneotravel.com\/wp-content\/uploads\/alojamientos-cubaneo-travel-agencia-de-viajes-a-cuba-casas-particulares-2.jpg"},{"@type":"BreadcrumbList","@id":"https:\/\/www.cubaneotravel.com\/es\/casas-particulares\/#breadcrumb","itemListElement":[{"@type":"ListItem","position":1,"name":"Home","item":"https:\/\/www.cubaneotravel.com\/es\/"},{"@type":"ListItem","position":2,"name":"Casas particulares en Cuba"}]},{"@type":"WebSite","@id":"https:\/\/www.cubaneotravel.com\/#website","url":"https:\/\/www.cubaneotravel.com\/","name":"CubaNeo Travel","description":"Travel agency to Cuba","publisher":{"@id":"https:\/\/www.cubaneotravel.com\/#organization"},"potentialAction":[{"@type":"SearchAction","target":{"@type":"EntryPoint","urlTemplate":"https:\/\/www.cubaneotravel.com\/?s={search_term_string}"},"query-input":{"@type":"PropertyValueSpecification","valueRequired":true,"valueName":"search_term_string"}}],"inLanguage":"es"},{"@type":"Organization","@id":"https:\/\/www.cubaneotravel.com\/#organization","name":"CubaNeo travel","url":"https:\/\/www.cubaneotravel.com\/","logo":{"@type":"ImageObject","inLanguage":"es","@id":"https:\/\/www.cubaneotravel.com\/#\/schema\/logo\/image\/","url":"https:\/\/www.cubaneotravel.com\/wp-content\/uploads\/logo.svg","contentUrl":"https:\/\/www.cubaneotravel.com\/wp-content\/uploads\/logo.svg","width":1,"height":1,"caption":"CubaNeo travel"},"image":{"@id":"https:\/\/www.cubaneotravel.com\/#\/schema\/logo\/image\/"}}]}},"_links":{"self":[{"href":"https:\/\/www.cubaneotravel.com\/es\/wp-json\/wp\/v2\/pages\/2055","targetHints":{"allow":["GET"]}}],"collection":[{"href":"https:\/\/www.cubaneotravel.com\/es\/wp-json\/wp\/v2\/pages"}],"about":[{"href":"https:\/\/www.cubaneotravel.com\/es\/wp-json\/wp\/v2\/types\/page"}],"author":[{"embeddable":true,"href":"https:\/\/www.cubaneotravel.com\/es\/wp-json\/wp\/v2\/users\/1"}],"replies":[{"embeddable":true,"href":"https:\/\/www.cubaneotravel.com\/es\/wp-json\/wp\/v2\/comments?post=2055"}],"version-history":[{"count":52,"href":"https:\/\/www.cubaneotravel.com\/es\/wp-json\/wp\/v2\/pages\/2055\/revisions"}],"predecessor-version":[{"id":19103,"href":"https:\/\/www.cubaneotravel.com\/es\/wp-json\/wp\/v2\/pages\/2055\/revisions\/19103"}],"wp:attachment":[{"href":"https:\/\/www.cubaneotravel.com\/es\/wp-json\/wp\/v2\/media?parent=2055"}],"curies":[{"name":"wp","href":"https:\/\/api.w.org\/{rel}","templated":true}]}}