{"id":2054,"date":"2019-07-05T12:36:59","date_gmt":"2019-07-05T12:36:59","guid":{"rendered":"https:\/\/www.cubaneotravel.com\/excursies\/"},"modified":"2026-01-24T16:47:10","modified_gmt":"2026-01-24T15:47:10","slug":"excursiones","status":"publish","type":"page","link":"https:\/\/www.cubaneotravel.com\/es\/excursiones\/","title":{"rendered":"Excursiones Cuba"},"content":{"rendered":"<div class=\"wpb-content-wrapper\">[mk_page_section bg_image=\u00bbhttps:\/\/www.cubaneotravel.com\/wp-content\/uploads\/prueba-44.jpg\u00bb bg_position=\u00bbcenter center\u00bb bg_repeat=\u00bbno-repeat\u00bb min_height=\u00bb500&#8243; js_vertical_centered=\u00bbtrue\u00bb padding_top=\u00bb50&#8243; padding_bottom=\u00bb50&#8243; margin_bottom=\u00bb50&#8243; sidebar=\u00bbsidebar-1&#8243;][vc_column][mk_fancy_title strip_tags=\u00bbtrue\u00bb tag_name=\u00bbh1&#8243; color=\u00bb#ffffff\u00bb size=\u00bb72&#8243; force_font_size=\u00bbtrue\u00bb size_phone=\u00bb48&#8243; margin_bottom=\u00bb0&#8243; font_family=\u00bbnone\u00bb align=\u00bbcenter\u00bb drop_shadow=\u00bbtrue\u00bb shadow_angle=\u00bb0&#8243; shadow_distance=\u00bb15&#8243;]Excursiones Cuba[\/mk_fancy_title][mk_fancy_title strip_tags=\u00bbtrue\u00bb color=\u00bb#ffffff\u00bb size=\u00bb32&#8243; force_font_size=\u00bbtrue\u00bb size_phone=\u00bb24&#8243; font_weight=\u00bbbold\u00bb margin_bottom=\u00bb0&#8243; font_family=\u00bbRoboto\u00bb font_type=\u00bbgoogle\u00bb align=\u00bbcenter\u00bb visibility=\u00bbhidden-sm\u00bb drop_shadow=\u00bbtrue\u00bb shadow_angle=\u00bb0&#8243; shadow_distance=\u00bb10&#8243; shadow_color=\u00bbrgba(0,0,0,0.7)\u00bb][\/mk_fancy_title][mk_padding_divider size=\u00bb50&#8243; visibility=\u00bbvisible-sm\u00bb][\/vc_column][\/mk_page_section][mk_page_section padding_top=\u00bb0&#8243; padding_bottom=\u00bb30&#8243; sidebar=\u00bbsidebar-1&#8243;][vc_column width=\u00bb5\/6&#8243;][vc_column_text css=\u00bb.vc_custom_1602788853535{margin-bottom: 0px !important;}\u00bb]\n<h2>Excursiones Cuba Neo Travel<\/h2>\n<p>Con nuestras excursiones puede hacer que su viaje sea a\u00fan mas especial. Perm\u00edtenos contarte las cosas t\u00edpicas que ver en Cuba por medio de nuestras actividades. Con excursiones Cuba podr\u00e1s conocer como es la vida cotidiana en este pa\u00eds y su aut\u00e9ntica cultura.<br \/>\nLa mayor\u00eda de nuestros Circuitos incluyen algunas de las siguientes excursiones. Por supuesto tambi\u00e9n se pueden reservar por separado.[\/vc_column_text][\/vc_column][vc_column width=\u00bb1\/6&#8243;][\/vc_column][\/mk_page_section][mk_page_section padding_top=\u00bb0&#8243; padding_bottom=\u00bb30&#8243; sidebar=\u00bbsidebar-1&#8243;][vc_column][mk_blog style=\u00bbthumbnail\u00bb post_count=\u00bb-1&#8243; excerpt_length=\u00bb400&#8243; cat=\u00bb5&#8243;][\/vc_column][\/mk_page_section][vc_row][vc_column][mk_padding_divider][vc_column_text css=\u00bb.vc_custom_1602532074032{margin-bottom: 0px !important;}\u00bb]\n<h3>Excursiones Cuba Neo Travel<\/h3>\n<p>Para que su viaje sea a\u00fan m\u00e1s especial, hemos preparado cuidadosamente las excursiones en Cuba. Con nuestras actividades puedes tener una mejor y amplia idea de cosas t\u00edpicas de Cuba. En la mayor\u00eda de los tours hay algunas excursiones incluidas, pero, por supuesto, \u00a1puedes extender tu viaje agregando las excursiones que te atraigan! \u00bfTiene preguntas sobre alguna de las excursiones? Por favor cont\u00e1ctenos. Tambi\u00e9n puede solicitarnos una consulta sin compromiso.<\/p>\n<p>En todos los destinos y ciudades hay excursiones de Cuba Neo Travel, as\u00ed que est\u00e9s donde est\u00e9s, \u00a1siempre tenemos algo disponible para ti! Al reservar su Circuito, tambi\u00e9n indique qu\u00e9 excursiones desea reservar. Solo las excursiones a El Nicho y La gran piedra se pueden reservar localmente con el conductor del auto con el que viaja.<\/p>\n<p>Por supuesto, siempre es \u00fatil estar bien preparado cuando se viaja. Por eso es bueno leer los pr\u00e1cticos consejos de viaje. Cuba es un gran pa\u00eds donde las cosas a menudo resultan ligeramente diferentes a las que est\u00e1s acostumbrado. Por eso es muy importante prepararse bien. Pero incluso con una buena preparaci\u00f3n te enfrentar\u00e1s a sorpresas en Cuba. \u00a1Pero esto es lo que hace que viajar por Cuba sea tan divertido e interesante!<\/p>\n<p>Para obtener m\u00e1s informaci\u00f3n y consejos que agreguen un poco m\u00e1s a su viaje, puede leer nuestros <a href=\"https:\/\/www.cubaneotravel.com\/es\/blogs-viajes-cuba\/\">blogs de viajes<\/a>. Aqu\u00ed se tratan diversos temas, como La Habana con ni\u00f1os o informaci\u00f3n sobre viajes sostenibles.[\/vc_column_text][mk_padding_divider][\/vc_column][\/vc_row][mk_page_section bg_color=\u00bb#00aeef\u00bb min_height=\u00bb0&#8243; js_vertical_centered=\u00bbtrue\u00bb padding_top=\u00bb50&#8243; padding_bottom=\u00bb50&#8243; sidebar=\u00bbsidebar-1&#8243;][vc_column width=\u00bb2\/3&#8243;][mk_fancy_title color=\u00bb#ffffff\u00bb size=\u00bb42&#8243; force_font_size=\u00bbtrue\u00bb size_phone=\u00bb42&#8243; margin_bottom=\u00bb0&#8243; font_family=\u00bbnone\u00bb]Solicite una propuesta de viaje[\/mk_fancy_title][\/vc_column][vc_column width=\u00bb1\/3&#8243;][mk_button dimension=\u00bbflat\u00bb size=\u00bblarge\u00bb url=\u00bbhttps:\/\/www.cubaneotravel.com\/es\/solicitar-propuesta-de-viaje\/\u00bb bg_color=\u00bb#ffffff\u00bb btn_hover_bg=\u00bbrgba(255,255,255,0.5)\u00bb text_color=\u00bbdark\u00bb]Solicitar propuesta[\/mk_button][\/vc_column][\/mk_page_section]\n<\/div>","protected":false},"excerpt":{"rendered":"<p>[mk_page_section bg_image=\u00bbhttps:\/\/www.cubaneotravel.com\/wp-content\/uploads\/prueba-44.jpg\u00bb bg_position=\u00bbcenter center\u00bb bg_repeat=\u00bbno-repeat\u00bb min_height=\u00bb500&#8243; js_vertical_centered=\u00bbtrue\u00bb padding_top=\u00bb50&#8243; padding_bottom=\u00bb50&#8243; margin_bottom=\u00bb50&#8243; sidebar=\u00bbsidebar-1&#8243;][vc_column][mk_fancy_title strip_tags=\u00bbtrue\u00bb tag_name=\u00bbh1&#8243; color=\u00bb#ffffff\u00bb size=\u00bb72&#8243; force_font_size=\u00bbtrue\u00bb size_phone=\u00bb48&#8243; margin_bottom=\u00bb0&#8243; font_family=\u00bbnone\u00bb align=\u00bbcenter\u00bb drop_shadow=\u00bbtrue\u00bb shadow_angle=\u00bb0&#8243; shadow_distance=\u00bb15&#8243;]Excursiones Cuba[\/mk_fancy_title][mk_fancy_title strip_tags=\u00bbtrue\u00bb color=\u00bb#ffffff\u00bb size=\u00bb32&#8243; force_font_size=\u00bbtrue\u00bb size_phone=\u00bb24&#8243; font_weight=\u00bbbold\u00bb margin_bottom=\u00bb0&#8243; font_family=\u00bbRoboto\u00bb font_type=\u00bbgoogle\u00bb align=\u00bbcenter\u00bb visibility=\u00bbhidden-sm\u00bb drop_shadow=\u00bbtrue\u00bb shadow_angle=\u00bb0&#8243; shadow_distance=\u00bb10&#8243; shadow_color=\u00bbrgba(0,0,0,0.7)\u00bb][\/mk_fancy_title][mk_padding_divider size=\u00bb50&#8243; visibility=\u00bbvisible-sm\u00bb][\/vc_column][\/mk_page_section][mk_page_section padding_top=\u00bb0&#8243; padding_bottom=\u00bb30&#8243; sidebar=\u00bbsidebar-1&#8243;][vc_column width=\u00bb5\/6&#8243;][vc_column_text css=\u00bb.vc_custom_1602788853535{margin-bottom: 0px !important;}\u00bb] Excursiones Cuba Neo Travel Con nuestras excursiones [&hellip;]<\/p>\n","protected":false},"author":1,"featured_media":4549,"parent":0,"menu_order":0,"comment_status":"closed","ping_status":"closed","template":"","meta":{"footnotes":""},"class_list":["post-2054","page","type-page","status-publish","has-post-thumbnail","hentry"],"yoast_head":"<!-- This site is optimized with the Yoast SEO plugin v27.5 - https:\/\/yoast.com\/product\/yoast-seo-wordpress\/ -->\n<title>Excursiones Cuba 2026 \u1405 Conoce la Cuba profunda<\/title>\n<meta name=\"description\" content=\"Excursiones Cuba Neo Travel. Conocer lo aut\u00e9ntico de Cuba! Excursiones y actividades para conocer la vida cotidiana, la Cuba profunda\" \/>\n<meta name=\"robots\" content=\"index, follow, max-snippet:-1, max-image-preview:large, max-video-preview:-1\" \/>\n<link rel=\"canonical\" href=\"https:\/\/www.cubaneotravel.com\/es\/excursiones\/\" \/>\n<meta property=\"og:locale\" content=\"es_ES\" \/>\n<meta property=\"og:type\" content=\"article\" \/>\n<meta property=\"og:title\" content=\"Excursiones Cuba 2026 \u1405 Conoce la Cuba profunda\" \/>\n<meta property=\"og:description\" content=\"Excursiones Cuba Neo Travel. Conocer lo aut\u00e9ntico de Cuba! Excursiones y actividades para conocer la vida cotidiana, la Cuba profunda\" \/>\n<meta property=\"og:url\" content=\"https:\/\/www.cubaneotravel.com\/es\/excursiones\/\" \/>\n<meta property=\"og:site_name\" content=\"CubaNeo Travel\" \/>\n<meta property=\"article:modified_time\" content=\"2026-01-24T15:47:10+00:00\" \/>\n<meta property=\"og:image\" content=\"https:\/\/www.cubaneotravel.com\/wp-content\/uploads\/oldtimer-havana-www.cubaneotravel.com_-scaled.jpg\" \/>\n\t<meta property=\"og:image:width\" content=\"2560\" \/>\n\t<meta property=\"og:image:height\" content=\"1709\" \/>\n\t<meta property=\"og:image:type\" content=\"image\/jpeg\" \/>\n<meta name=\"twitter:card\" content=\"summary_large_image\" \/>\n<meta name=\"twitter:label1\" content=\"Tiempo de lectura\" \/>\n\t<meta name=\"twitter:data1\" content=\"3 minutos\" \/>\n<script type=\"application\/ld+json\" class=\"yoast-schema-graph\">{\"@context\":\"https:\\\/\\\/schema.org\",\"@graph\":[{\"@type\":\"WebPage\",\"@id\":\"https:\\\/\\\/www.cubaneotravel.com\\\/es\\\/excursiones\\\/\",\"url\":\"https:\\\/\\\/www.cubaneotravel.com\\\/es\\\/excursiones\\\/\",\"name\":\"Excursiones Cuba 2026 \u1405 Conoce la Cuba profunda\",\"isPartOf\":{\"@id\":\"https:\\\/\\\/www.cubaneotravel.com\\\/#website\"},\"primaryImageOfPage\":{\"@id\":\"https:\\\/\\\/www.cubaneotravel.com\\\/es\\\/excursiones\\\/#primaryimage\"},\"image\":{\"@id\":\"https:\\\/\\\/www.cubaneotravel.com\\\/es\\\/excursiones\\\/#primaryimage\"},\"thumbnailUrl\":\"https:\\\/\\\/www.cubaneotravel.com\\\/wp-content\\\/uploads\\\/oldtimer-havana-www.cubaneotravel.com_-scaled.jpg\",\"datePublished\":\"2019-07-05T12:36:59+00:00\",\"dateModified\":\"2026-01-24T15:47:10+00:00\",\"description\":\"Excursiones Cuba Neo Travel. Conocer lo aut\u00e9ntico de Cuba! Excursiones y actividades para conocer la vida cotidiana, la Cuba profunda\",\"breadcrumb\":{\"@id\":\"https:\\\/\\\/www.cubaneotravel.com\\\/es\\\/excursiones\\\/#breadcrumb\"},\"inLanguage\":\"es\",\"potentialAction\":[{\"@type\":\"ReadAction\",\"target\":[\"https:\\\/\\\/www.cubaneotravel.com\\\/es\\\/excursiones\\\/\"]}]},{\"@type\":\"ImageObject\",\"inLanguage\":\"es\",\"@id\":\"https:\\\/\\\/www.cubaneotravel.com\\\/es\\\/excursiones\\\/#primaryimage\",\"url\":\"https:\\\/\\\/www.cubaneotravel.com\\\/wp-content\\\/uploads\\\/oldtimer-havana-www.cubaneotravel.com_-scaled.jpg\",\"contentUrl\":\"https:\\\/\\\/www.cubaneotravel.com\\\/wp-content\\\/uploads\\\/oldtimer-havana-www.cubaneotravel.com_-scaled.jpg\",\"width\":2560,\"height\":1709},{\"@type\":\"BreadcrumbList\",\"@id\":\"https:\\\/\\\/www.cubaneotravel.com\\\/es\\\/excursiones\\\/#breadcrumb\",\"itemListElement\":[{\"@type\":\"ListItem\",\"position\":1,\"name\":\"Home\",\"item\":\"https:\\\/\\\/www.cubaneotravel.com\\\/es\\\/\"},{\"@type\":\"ListItem\",\"position\":2,\"name\":\"Excursiones Cuba\"}]},{\"@type\":\"WebSite\",\"@id\":\"https:\\\/\\\/www.cubaneotravel.com\\\/#website\",\"url\":\"https:\\\/\\\/www.cubaneotravel.com\\\/\",\"name\":\"CubaNeo Travel\",\"description\":\"Travel agency to Cuba\",\"publisher\":{\"@id\":\"https:\\\/\\\/www.cubaneotravel.com\\\/#organization\"},\"potentialAction\":[{\"@type\":\"SearchAction\",\"target\":{\"@type\":\"EntryPoint\",\"urlTemplate\":\"https:\\\/\\\/www.cubaneotravel.com\\\/?s={search_term_string}\"},\"query-input\":{\"@type\":\"PropertyValueSpecification\",\"valueRequired\":true,\"valueName\":\"search_term_string\"}}],\"inLanguage\":\"es\"},{\"@type\":\"Organization\",\"@id\":\"https:\\\/\\\/www.cubaneotravel.com\\\/#organization\",\"name\":\"CubaNeo travel\",\"url\":\"https:\\\/\\\/www.cubaneotravel.com\\\/\",\"logo\":{\"@type\":\"ImageObject\",\"inLanguage\":\"es\",\"@id\":\"https:\\\/\\\/www.cubaneotravel.com\\\/#\\\/schema\\\/logo\\\/image\\\/\",\"url\":\"https:\\\/\\\/www.cubaneotravel.com\\\/wp-content\\\/uploads\\\/logo.svg\",\"contentUrl\":\"https:\\\/\\\/www.cubaneotravel.com\\\/wp-content\\\/uploads\\\/logo.svg\",\"width\":1,\"height\":1,\"caption\":\"CubaNeo travel\"},\"image\":{\"@id\":\"https:\\\/\\\/www.cubaneotravel.com\\\/#\\\/schema\\\/logo\\\/image\\\/\"}}]}<\/script>\n<!-- \/ Yoast SEO plugin. -->","yoast_head_json":{"title":"Excursiones Cuba 2026 \u1405 Conoce la Cuba profunda","description":"Excursiones Cuba Neo Travel. Conocer lo aut\u00e9ntico de Cuba! Excursiones y actividades para conocer la vida cotidiana, la Cuba profunda","robots":{"index":"index","follow":"follow","max-snippet":"max-snippet:-1","max-image-preview":"max-image-preview:large","max-video-preview":"max-video-preview:-1"},"canonical":"https:\/\/www.cubaneotravel.com\/es\/excursiones\/","og_locale":"es_ES","og_type":"article","og_title":"Excursiones Cuba 2026 \u1405 Conoce la Cuba profunda","og_description":"Excursiones Cuba Neo Travel. Conocer lo aut\u00e9ntico de Cuba! Excursiones y actividades para conocer la vida cotidiana, la Cuba profunda","og_url":"https:\/\/www.cubaneotravel.com\/es\/excursiones\/","og_site_name":"CubaNeo Travel","article_modified_time":"2026-01-24T15:47:10+00:00","og_image":[{"width":2560,"height":1709,"url":"https:\/\/www.cubaneotravel.com\/wp-content\/uploads\/oldtimer-havana-www.cubaneotravel.com_-scaled.jpg","type":"image\/jpeg"}],"twitter_card":"summary_large_image","twitter_misc":{"Tiempo de lectura":"3 minutos"},"schema":{"@context":"https:\/\/schema.org","@graph":[{"@type":"WebPage","@id":"https:\/\/www.cubaneotravel.com\/es\/excursiones\/","url":"https:\/\/www.cubaneotravel.com\/es\/excursiones\/","name":"Excursiones Cuba 2026 \u1405 Conoce la Cuba profunda","isPartOf":{"@id":"https:\/\/www.cubaneotravel.com\/#website"},"primaryImageOfPage":{"@id":"https:\/\/www.cubaneotravel.com\/es\/excursiones\/#primaryimage"},"image":{"@id":"https:\/\/www.cubaneotravel.com\/es\/excursiones\/#primaryimage"},"thumbnailUrl":"https:\/\/www.cubaneotravel.com\/wp-content\/uploads\/oldtimer-havana-www.cubaneotravel.com_-scaled.jpg","datePublished":"2019-07-05T12:36:59+00:00","dateModified":"2026-01-24T15:47:10+00:00","description":"Excursiones Cuba Neo Travel. Conocer lo aut\u00e9ntico de Cuba! Excursiones y actividades para conocer la vida cotidiana, la Cuba profunda","breadcrumb":{"@id":"https:\/\/www.cubaneotravel.com\/es\/excursiones\/#breadcrumb"},"inLanguage":"es","potentialAction":[{"@type":"ReadAction","target":["https:\/\/www.cubaneotravel.com\/es\/excursiones\/"]}]},{"@type":"ImageObject","inLanguage":"es","@id":"https:\/\/www.cubaneotravel.com\/es\/excursiones\/#primaryimage","url":"https:\/\/www.cubaneotravel.com\/wp-content\/uploads\/oldtimer-havana-www.cubaneotravel.com_-scaled.jpg","contentUrl":"https:\/\/www.cubaneotravel.com\/wp-content\/uploads\/oldtimer-havana-www.cubaneotravel.com_-scaled.jpg","width":2560,"height":1709},{"@type":"BreadcrumbList","@id":"https:\/\/www.cubaneotravel.com\/es\/excursiones\/#breadcrumb","itemListElement":[{"@type":"ListItem","position":1,"name":"Home","item":"https:\/\/www.cubaneotravel.com\/es\/"},{"@type":"ListItem","position":2,"name":"Excursiones Cuba"}]},{"@type":"WebSite","@id":"https:\/\/www.cubaneotravel.com\/#website","url":"https:\/\/www.cubaneotravel.com\/","name":"CubaNeo Travel","description":"Travel agency to Cuba","publisher":{"@id":"https:\/\/www.cubaneotravel.com\/#organization"},"potentialAction":[{"@type":"SearchAction","target":{"@type":"EntryPoint","urlTemplate":"https:\/\/www.cubaneotravel.com\/?s={search_term_string}"},"query-input":{"@type":"PropertyValueSpecification","valueRequired":true,"valueName":"search_term_string"}}],"inLanguage":"es"},{"@type":"Organization","@id":"https:\/\/www.cubaneotravel.com\/#organization","name":"CubaNeo travel","url":"https:\/\/www.cubaneotravel.com\/","logo":{"@type":"ImageObject","inLanguage":"es","@id":"https:\/\/www.cubaneotravel.com\/#\/schema\/logo\/image\/","url":"https:\/\/www.cubaneotravel.com\/wp-content\/uploads\/logo.svg","contentUrl":"https:\/\/www.cubaneotravel.com\/wp-content\/uploads\/logo.svg","width":1,"height":1,"caption":"CubaNeo travel"},"image":{"@id":"https:\/\/www.cubaneotravel.com\/#\/schema\/logo\/image\/"}}]}},"_links":{"self":[{"href":"https:\/\/www.cubaneotravel.com\/es\/wp-json\/wp\/v2\/pages\/2054","targetHints":{"allow":["GET"]}}],"collection":[{"href":"https:\/\/www.cubaneotravel.com\/es\/wp-json\/wp\/v2\/pages"}],"about":[{"href":"https:\/\/www.cubaneotravel.com\/es\/wp-json\/wp\/v2\/types\/page"}],"author":[{"embeddable":true,"href":"https:\/\/www.cubaneotravel.com\/es\/wp-json\/wp\/v2\/users\/1"}],"replies":[{"embeddable":true,"href":"https:\/\/www.cubaneotravel.com\/es\/wp-json\/wp\/v2\/comments?post=2054"}],"version-history":[{"count":39,"href":"https:\/\/www.cubaneotravel.com\/es\/wp-json\/wp\/v2\/pages\/2054\/revisions"}],"predecessor-version":[{"id":19087,"href":"https:\/\/www.cubaneotravel.com\/es\/wp-json\/wp\/v2\/pages\/2054\/revisions\/19087"}],"wp:featuredmedia":[{"embeddable":true,"href":"https:\/\/www.cubaneotravel.com\/es\/wp-json\/wp\/v2\/media\/4549"}],"wp:attachment":[{"href":"https:\/\/www.cubaneotravel.com\/es\/wp-json\/wp\/v2\/media?parent=2054"}],"curies":[{"name":"wp","href":"https:\/\/api.w.org\/{rel}","templated":true}]}}