{"id":2047,"date":"2019-07-05T12:37:28","date_gmt":"2019-07-05T12:37:28","guid":{"rendered":"https:\/\/www.cubaneotravel.com\/praktische-informatie\/"},"modified":"2022-03-17T17:39:54","modified_gmt":"2022-03-17T16:39:54","slug":"informacion-practica","status":"publish","type":"page","link":"https:\/\/www.cubaneotravel.com\/es\/informacion-practica\/","title":{"rendered":"Informaci\u00f3n pr\u00e1ctica"},"content":{"rendered":"[mk_page_section bg_image=\u00bbhttps:\/\/www.cubaneotravel.com\/wp-content\/uploads\/1-10.jpg\u00bb bg_position=\u00bbcenter center\u00bb bg_repeat=\u00bbno-repeat\u00bb min_height=\u00bb500&#8243; js_vertical_centered=\u00bbtrue\u00bb padding_top=\u00bb50&#8243; padding_bottom=\u00bb50&#8243; margin_bottom=\u00bb50&#8243; sidebar=\u00bbsidebar-1&#8243;][vc_column][mk_fancy_title strip_tags=\u00bbtrue\u00bb tag_name=\u00bbh1&#8243; color=\u00bb#ffffff\u00bb size=\u00bb72&#8243; force_font_size=\u00bbtrue\u00bb size_phone=\u00bb48&#8243; margin_bottom=\u00bb0&#8243; font_family=\u00bbnone\u00bb align=\u00bbcenter\u00bb drop_shadow=\u00bbtrue\u00bb shadow_angle=\u00bb0&#8243; shadow_distance=\u00bb15&#8243;]Informaci\u00f3n pr\u00e1ctica[\/mk_fancy_title][mk_fancy_title color=\u00bb#ffffff\u00bb size=\u00bb32&#8243; force_font_size=\u00bbtrue\u00bb size_phone=\u00bb24&#8243; font_weight=\u00bbbold\u00bb margin_bottom=\u00bb0&#8243; font_family=\u00bbRoboto\u00bb font_type=\u00bbgoogle\u00bb align=\u00bbcenter\u00bb visibility=\u00bbhidden-sm\u00bb drop_shadow=\u00bbtrue\u00bb shadow_angle=\u00bb0&#8243; shadow_distance=\u00bb10&#8243; shadow_color=\u00bbrgba(0,0,0,0.7)\u00bb][\/mk_fancy_title][mk_padding_divider size=\u00bb50&#8243; visibility=\u00bbvisible-sm\u00bb][\/vc_column][\/mk_page_section][mk_page_section padding_top=\u00bb0&#8243; padding_bottom=\u00bb30&#8243; sidebar=\u00bbsidebar-1&#8243;][vc_column width=\u00bb1\/2&#8243;][vc_column_text css=\u00bb.vc_custom_1573508604201{margin-bottom: 0px !important;}\u00bb]\n<h3>LLamadas e Internet<\/h3>\n<p>Generalmente en Cuba los viajeros pueden usar sus m\u00f3viles sin problemas. Sin embargo recuerde que usar Internet m\u00f3vil y el servicio del tel\u00e9fono m\u00f3vil en Cuba puede ser muy costoso. Antes de viajar, verifique con su proveedor de servicio si el mismo ofrece cobertura en Cuba. En la mayor\u00eda de los casos es sabio deshabilitar inmediatamente el roaming cuando usted est\u00e9 en Cuba.[\/vc_column_text][mk_image src=\u00bbhttps:\/\/www.cubaneotravel.com\/wp-content\/uploads\/online-in-cuba-met-wifi.jpg\u00bb image_height=\u00bb600&#8243;][vc_column_text css=\u00bb.vc_custom_1647534852349{margin-bottom: 0px !important;}\u00bb]Hay muchas mas opciones de usar Internet en Cuba que hace unos a\u00f1os atr\u00e1s. Aun as\u00ed tenga en cuenta que se trata de un pa\u00eds con muchas limitaciones. Adem\u00e1s del servicio wifi (con tarifas por horas) en los hoteles, tambi\u00e9n est\u00e1n los puntos p\u00fablicos de wifi, una opci\u00f3n mas econ\u00f3mica pero con menos privacidad, la mayor\u00eda est\u00e1n situados en parques. El precio de la conexi\u00f3n en los puntos de wifi es de 1 CUC la hora. Puede comprar el servicio en una oficina de ETECSA (el proveedor de telecomunicaciones de Cuba) y a trav\u00e9s de una tarjeta de acceso temporal puede conectarse por 30 d\u00edas despu\u00e9s de empezar a usarla. La tarjeta tiene un usuario y una contrase\u00f1a. CubaNeo Travel le ofrece toda informaci\u00f3n practica a trav\u00e9s de nuestros contactos en Cuba. En nuestra excursi\u00f3n Amigo CubaNeo, si el cliente lo desea, el gu\u00eda le contar\u00e1 todos los detalles sobre como conectarse en Cuba, le ense\u00f1ar\u00e1 los puntos de wifi mas cercanos a su alojamiento, as\u00ed como le indicar\u00e1 la oficina mas cercana de ETECSA. En CubaNeo Travel ofrecemos <a href=\"https:\/\/www.cubaneotravel.com\/es\/internet-en-cuba\/\">internet gratis a nuestros viajeros.<\/a> Se trata de un servicio \u00fanico de nuestra Agencia de viajes incluido en nuestros\u00a0<a href=\"https:\/\/www.cubaneotravel.com\/es\/circuitos-cuba\/\">Circuitos Cuba<\/a>.\u00a0 En el resto de las provincias donde viajas vas a recibir tambi\u00e9n la ayuda y consejos de nuestra red de contactos, siempre disponibles y con mucho placer para ayudarle<\/p>\n<h3>Seguro de viaje<\/h3>\n<p>Es obligatorio tener un seguro de viaje y de salud. Al llega a Cuba todos los viajeros deben poseer un seguro que cubre todos sus costos m\u00e9dicos si fuese necesario. Cuba no acepta una p\u00f3liza de seguros que operan o se ejecutan con una empresa de los Estados Unidos. Si no est\u00e1 en posesi\u00f3n de un seguro adecuado estar\u00e1 obligado a contratar un seguro en Cuba. (fuente: Consulado cubano)<\/p>\n<h3>Clima<\/h3>\n<p>El <a href=\"https:\/\/www.cubaneotravel.com\/es\/clima-en-cuba\/\">clima subtropical de Cuba<\/a> significa que puede ir all\u00ed durante todo el a\u00f1o en busca de sol y calor. Los valores medios anuales van desde los 24\u00b0 C en las llanuras, hasta 34\u00b0 C y m\u00e1s en las costas orientales. La temporada de noviembre a abril es menos calurosa mientras que los meses de mayo a octubre, m\u00e1s calurosos. Como es t\u00edpico en los climas tropicales, la variaci\u00f3n diaria de la temperatura es mayor que la anual. Generalmente caen lluvias fuertes por corto per\u00edodo de tiempo y luego el sol brilla gran parte del d\u00eda. La brisa refrescante que a menudo sopla desde el norte es particularmente agradable en los meses de verano, especialmente en zonas de playa y al atardecer. Las tormentas tropicales y huracanes pueden formarse durante la temporada de lluvias.[\/vc_column_text][\/vc_column][vc_column width=\u00bb1\/2&#8243;][vc_column_text css=\u00bb.vc_custom_1573548721294{margin-bottom: 0px !important;}\u00bb]\n<h3>Salud<\/h3>\n<p>Si viaja a Cuba no es obligatoria una vacunaci\u00f3n, sin embargo se recomienda una vacuna DTP y contra la Hepatitis A.<br \/>\nEn Cuba hay que tener muy en cuenta las enfermedades que pueden ser transmitidas por mosquitos, como son el Zika, la Chikungunya y el Dengue. Por lo tanto prot\u00e9jase lo mejor posible contra las picaduras de mosquitos. Especialmente las mujeres embarazadas o con planes de tener hijos deben estar bien informadas sobre el Zika.<\/p>\n<h3>Dinero en Cuba<\/h3>\n<p>Pagar con tarjeta de debito no es posible en Cuba, sin embargo es posible extraer dinero de un banco con una tarjeta de cr\u00e9dito o d\u00e9bito MasterCard o Visa.<br \/>\nLas tarjetas emitidas por un banco de EEUU no pueden ser usadas en Cuba debido a que los bancos estadounidenses no pueden facilitar transacciones por medidas de su gobierno. Nuestro consejo es llevar una tarjeta de cr\u00e9dito y dinero efectivo.[\/vc_column_text][mk_image src=\u00bbhttps:\/\/www.cubaneotravel.com\/wp-content\/uploads\/cuc-biljetten-cuba.jpg\u00bb image_height=\u00bb600&#8243;][vc_column_text css=\u00bb.vc_custom_1647535187277{margin-bottom: 0px !important;}\u00bb]En Cuba existi\u00f3 2 tipos de monedas, el CUC y el CUP. Ahora solo existe una moneda, se llama Pesos Cubanos CUP. Es importante que prestes atenci\u00f3n a esto, ya que existe en internet mucha informacion que no es actualizada. Ac\u00e1 tienes toda la informaci\u00f3n actual sobre la <a href=\"https:\/\/www.cubaneotravel.com\/es\/moneda-cuba-peso-cubano\/\">moneda en Cuba<\/a>. En las sedes de CADECA (casa oficial de cambio) usted podr\u00e1s cambiar euros y d\u00f3lares por CUP. Por 1 euro recibes 28 pesos a-cubanos CUP, en dependencia del cambio en ese momento. El CUP le puede ser muy \u00fatil para comprar verduras y frutas en un mercado.<\/p>\n<h3>Seguridad<\/h3>\n<p>Cuba es un pa\u00eds seguro. En los barrios y lugares tur\u00edsticos la seguridad es excelente. La seguridad de los turistas es una prioridad de primer orden para las autoridades cubanas. En Cuba hay seguridad ciudadana. El gran control social que existe contribuye tambi\u00e9n a esto. Si embargo, es prudente prestar atenci\u00f3n a nuestros consejos por medio de nuestra red de contactos, evitar peque\u00f1as calles oscuras, lugares o calles aisladas sin la compa\u00f1\u00eda de nuestros contactos o de amigos cubanos. Prestar atenci\u00f3n a sus pertenencias en lugares concurridos.<\/p>\n<h3>Pasporte y visa<\/h3>\n<p>Para viajar a Cuba necesita pasaporte valido por 6 meses a su salida de Cuba y tarjeta de turista (visa) expedida por las autoridades cubanas. La tarjeta de turista es v\u00e1lida por 30 d\u00edas y prorrogable por 30 d\u00edas mas. Puede solicitarla en el consulado de Cuba. En muchos casos puede ser solicitada personalmente o por correo. Visite el sitio web del Consulado cubano en su pa\u00eds o p\u00f3ngase en contacto con nosotros y con placer le ayudamos en su gesti\u00f3n[\/vc_column_text][\/vc_column][\/mk_page_section]\n","protected":false},"excerpt":{"rendered":"<p>[mk_page_section bg_image=\u00bbhttps:\/\/www.cubaneotravel.com\/wp-content\/uploads\/1-10.jpg\u00bb bg_position=\u00bbcenter center\u00bb bg_repeat=\u00bbno-repeat\u00bb min_height=\u00bb500&#8243; js_vertical_centered=\u00bbtrue\u00bb padding_top=\u00bb50&#8243; padding_bottom=\u00bb50&#8243; margin_bottom=\u00bb50&#8243; sidebar=\u00bbsidebar-1&#8243;][vc_column][mk_fancy_title strip_tags=\u00bbtrue\u00bb tag_name=\u00bbh1&#8243; color=\u00bb#ffffff\u00bb size=\u00bb72&#8243; force_font_size=\u00bbtrue\u00bb size_phone=\u00bb48&#8243; margin_bottom=\u00bb0&#8243; font_family=\u00bbnone\u00bb align=\u00bbcenter\u00bb drop_shadow=\u00bbtrue\u00bb shadow_angle=\u00bb0&#8243; shadow_distance=\u00bb15&#8243;]Informaci\u00f3n pr\u00e1ctica[\/mk_fancy_title][mk_fancy_title color=\u00bb#ffffff\u00bb size=\u00bb32&#8243; force_font_size=\u00bbtrue\u00bb size_phone=\u00bb24&#8243; font_weight=\u00bbbold\u00bb margin_bottom=\u00bb0&#8243; font_family=\u00bbRoboto\u00bb font_type=\u00bbgoogle\u00bb align=\u00bbcenter\u00bb visibility=\u00bbhidden-sm\u00bb drop_shadow=\u00bbtrue\u00bb shadow_angle=\u00bb0&#8243; shadow_distance=\u00bb10&#8243; shadow_color=\u00bbrgba(0,0,0,0.7)\u00bb][\/mk_fancy_title][mk_padding_divider size=\u00bb50&#8243; visibility=\u00bbvisible-sm\u00bb][\/vc_column][\/mk_page_section][mk_page_section padding_top=\u00bb0&#8243; padding_bottom=\u00bb30&#8243; sidebar=\u00bbsidebar-1&#8243;][vc_column width=\u00bb1\/2&#8243;][vc_column_text css=\u00bb.vc_custom_1573508604201{margin-bottom: 0px !important;}\u00bb] LLamadas e Internet Generalmente en Cuba los viajeros [&hellip;]<\/p>\n","protected":false},"author":1,"featured_media":2011,"parent":0,"menu_order":0,"comment_status":"closed","ping_status":"closed","template":"","meta":{"footnotes":""},"class_list":["post-2047","page","type-page","status-publish","has-post-thumbnail","hentry"],"yoast_head":"<!-- This site is optimized with the Yoast SEO plugin v27.5 - https:\/\/yoast.com\/product\/yoast-seo-wordpress\/ -->\n<title>Informaci\u00f3n pr\u00e1ctica - CubaNeo Travel<\/title>\n<meta name=\"robots\" content=\"index, follow, max-snippet:-1, max-image-preview:large, max-video-preview:-1\" \/>\n<link rel=\"canonical\" href=\"https:\/\/www.cubaneotravel.com\/es\/informacion-practica\/\" \/>\n<meta property=\"og:locale\" content=\"es_ES\" \/>\n<meta property=\"og:type\" content=\"article\" \/>\n<meta property=\"og:title\" content=\"Informaci\u00f3n pr\u00e1ctica - CubaNeo Travel\" \/>\n<meta property=\"og:description\" content=\"[mk_page_section bg_image=\u00bbhttps:\/\/www.cubaneotravel.com\/wp-content\/uploads\/1-10.jpg\u00bb bg_position=\u00bbcenter center\u00bb bg_repeat=\u00bbno-repeat\u00bb min_height=\u00bb500&#8243; js_vertical_centered=\u00bbtrue\u00bb padding_top=\u00bb50&#8243; padding_bottom=\u00bb50&#8243; margin_bottom=\u00bb50&#8243; sidebar=\u00bbsidebar-1&#8243;][vc_column][mk_fancy_title strip_tags=\u00bbtrue\u00bb tag_name=\u00bbh1&#8243; color=\u00bb#ffffff\u00bb size=\u00bb72&#8243; force_font_size=\u00bbtrue\u00bb size_phone=\u00bb48&#8243; margin_bottom=\u00bb0&#8243; font_family=\u00bbnone\u00bb align=\u00bbcenter\u00bb drop_shadow=\u00bbtrue\u00bb shadow_angle=\u00bb0&#8243; shadow_distance=\u00bb15&#8243;]Informaci\u00f3n pr\u00e1ctica[\/mk_fancy_title][mk_fancy_title color=\u00bb#ffffff\u00bb size=\u00bb32&#8243; force_font_size=\u00bbtrue\u00bb size_phone=\u00bb24&#8243; font_weight=\u00bbbold\u00bb margin_bottom=\u00bb0&#8243; font_family=\u00bbRoboto\u00bb font_type=\u00bbgoogle\u00bb align=\u00bbcenter\u00bb visibility=\u00bbhidden-sm\u00bb drop_shadow=\u00bbtrue\u00bb shadow_angle=\u00bb0&#8243; shadow_distance=\u00bb10&#8243; shadow_color=\u00bbrgba(0,0,0,0.7)\u00bb][\/mk_fancy_title][mk_padding_divider size=\u00bb50&#8243; visibility=\u00bbvisible-sm\u00bb][\/vc_column][\/mk_page_section][mk_page_section padding_top=\u00bb0&#8243; padding_bottom=\u00bb30&#8243; sidebar=\u00bbsidebar-1&#8243;][vc_column width=\u00bb1\/2&#8243;][vc_column_text css=\u00bb.vc_custom_1573508604201{margin-bottom: 0px !important;}\u00bb] LLamadas e Internet Generalmente en Cuba los viajeros [&hellip;]\" \/>\n<meta property=\"og:url\" content=\"https:\/\/www.cubaneotravel.com\/es\/informacion-practica\/\" \/>\n<meta property=\"og:site_name\" content=\"CubaNeo Travel\" \/>\n<meta property=\"article:modified_time\" content=\"2022-03-17T16:39:54+00:00\" \/>\n<meta property=\"og:image\" content=\"https:\/\/www.cubaneotravel.com\/wp-content\/uploads\/1-10.jpg\" \/>\n\t<meta property=\"og:image:width\" content=\"1600\" \/>\n\t<meta property=\"og:image:height\" content=\"500\" \/>\n\t<meta property=\"og:image:type\" content=\"image\/jpeg\" \/>\n<meta name=\"twitter:card\" content=\"summary_large_image\" \/>\n<meta name=\"twitter:label1\" content=\"Tiempo de lectura\" \/>\n\t<meta name=\"twitter:data1\" content=\"5 minutos\" \/>\n<script type=\"application\/ld+json\" class=\"yoast-schema-graph\">{\"@context\":\"https:\\\/\\\/schema.org\",\"@graph\":[{\"@type\":\"WebPage\",\"@id\":\"https:\\\/\\\/www.cubaneotravel.com\\\/es\\\/informacion-practica\\\/\",\"url\":\"https:\\\/\\\/www.cubaneotravel.com\\\/es\\\/informacion-practica\\\/\",\"name\":\"Informaci\u00f3n pr\u00e1ctica - CubaNeo Travel\",\"isPartOf\":{\"@id\":\"https:\\\/\\\/www.cubaneotravel.com\\\/#website\"},\"primaryImageOfPage\":{\"@id\":\"https:\\\/\\\/www.cubaneotravel.com\\\/es\\\/informacion-practica\\\/#primaryimage\"},\"image\":{\"@id\":\"https:\\\/\\\/www.cubaneotravel.com\\\/es\\\/informacion-practica\\\/#primaryimage\"},\"thumbnailUrl\":\"https:\\\/\\\/www.cubaneotravel.com\\\/wp-content\\\/uploads\\\/1-10.jpg\",\"datePublished\":\"2019-07-05T12:37:28+00:00\",\"dateModified\":\"2022-03-17T16:39:54+00:00\",\"breadcrumb\":{\"@id\":\"https:\\\/\\\/www.cubaneotravel.com\\\/es\\\/informacion-practica\\\/#breadcrumb\"},\"inLanguage\":\"es\",\"potentialAction\":[{\"@type\":\"ReadAction\",\"target\":[\"https:\\\/\\\/www.cubaneotravel.com\\\/es\\\/informacion-practica\\\/\"]}]},{\"@type\":\"ImageObject\",\"inLanguage\":\"es\",\"@id\":\"https:\\\/\\\/www.cubaneotravel.com\\\/es\\\/informacion-practica\\\/#primaryimage\",\"url\":\"https:\\\/\\\/www.cubaneotravel.com\\\/wp-content\\\/uploads\\\/1-10.jpg\",\"contentUrl\":\"https:\\\/\\\/www.cubaneotravel.com\\\/wp-content\\\/uploads\\\/1-10.jpg\",\"width\":1600,\"height\":500,\"caption\":\"Praktische reistips Cuba\"},{\"@type\":\"BreadcrumbList\",\"@id\":\"https:\\\/\\\/www.cubaneotravel.com\\\/es\\\/informacion-practica\\\/#breadcrumb\",\"itemListElement\":[{\"@type\":\"ListItem\",\"position\":1,\"name\":\"Home\",\"item\":\"https:\\\/\\\/www.cubaneotravel.com\\\/es\\\/\"},{\"@type\":\"ListItem\",\"position\":2,\"name\":\"Informaci\u00f3n pr\u00e1ctica\"}]},{\"@type\":\"WebSite\",\"@id\":\"https:\\\/\\\/www.cubaneotravel.com\\\/#website\",\"url\":\"https:\\\/\\\/www.cubaneotravel.com\\\/\",\"name\":\"CubaNeo Travel\",\"description\":\"Travel agency to Cuba\",\"publisher\":{\"@id\":\"https:\\\/\\\/www.cubaneotravel.com\\\/#organization\"},\"potentialAction\":[{\"@type\":\"SearchAction\",\"target\":{\"@type\":\"EntryPoint\",\"urlTemplate\":\"https:\\\/\\\/www.cubaneotravel.com\\\/?s={search_term_string}\"},\"query-input\":{\"@type\":\"PropertyValueSpecification\",\"valueRequired\":true,\"valueName\":\"search_term_string\"}}],\"inLanguage\":\"es\"},{\"@type\":\"Organization\",\"@id\":\"https:\\\/\\\/www.cubaneotravel.com\\\/#organization\",\"name\":\"CubaNeo travel\",\"url\":\"https:\\\/\\\/www.cubaneotravel.com\\\/\",\"logo\":{\"@type\":\"ImageObject\",\"inLanguage\":\"es\",\"@id\":\"https:\\\/\\\/www.cubaneotravel.com\\\/#\\\/schema\\\/logo\\\/image\\\/\",\"url\":\"https:\\\/\\\/www.cubaneotravel.com\\\/wp-content\\\/uploads\\\/logo.svg\",\"contentUrl\":\"https:\\\/\\\/www.cubaneotravel.com\\\/wp-content\\\/uploads\\\/logo.svg\",\"width\":1,\"height\":1,\"caption\":\"CubaNeo travel\"},\"image\":{\"@id\":\"https:\\\/\\\/www.cubaneotravel.com\\\/#\\\/schema\\\/logo\\\/image\\\/\"}}]}<\/script>\n<!-- \/ Yoast SEO plugin. -->","yoast_head_json":{"title":"Informaci\u00f3n pr\u00e1ctica - CubaNeo Travel","robots":{"index":"index","follow":"follow","max-snippet":"max-snippet:-1","max-image-preview":"max-image-preview:large","max-video-preview":"max-video-preview:-1"},"canonical":"https:\/\/www.cubaneotravel.com\/es\/informacion-practica\/","og_locale":"es_ES","og_type":"article","og_title":"Informaci\u00f3n pr\u00e1ctica - CubaNeo Travel","og_description":"[mk_page_section bg_image=\u00bbhttps:\/\/www.cubaneotravel.com\/wp-content\/uploads\/1-10.jpg\u00bb bg_position=\u00bbcenter center\u00bb bg_repeat=\u00bbno-repeat\u00bb min_height=\u00bb500&#8243; js_vertical_centered=\u00bbtrue\u00bb padding_top=\u00bb50&#8243; padding_bottom=\u00bb50&#8243; margin_bottom=\u00bb50&#8243; sidebar=\u00bbsidebar-1&#8243;][vc_column][mk_fancy_title strip_tags=\u00bbtrue\u00bb tag_name=\u00bbh1&#8243; color=\u00bb#ffffff\u00bb size=\u00bb72&#8243; force_font_size=\u00bbtrue\u00bb size_phone=\u00bb48&#8243; margin_bottom=\u00bb0&#8243; font_family=\u00bbnone\u00bb align=\u00bbcenter\u00bb drop_shadow=\u00bbtrue\u00bb shadow_angle=\u00bb0&#8243; shadow_distance=\u00bb15&#8243;]Informaci\u00f3n pr\u00e1ctica[\/mk_fancy_title][mk_fancy_title color=\u00bb#ffffff\u00bb size=\u00bb32&#8243; force_font_size=\u00bbtrue\u00bb size_phone=\u00bb24&#8243; font_weight=\u00bbbold\u00bb margin_bottom=\u00bb0&#8243; font_family=\u00bbRoboto\u00bb font_type=\u00bbgoogle\u00bb align=\u00bbcenter\u00bb visibility=\u00bbhidden-sm\u00bb drop_shadow=\u00bbtrue\u00bb shadow_angle=\u00bb0&#8243; shadow_distance=\u00bb10&#8243; shadow_color=\u00bbrgba(0,0,0,0.7)\u00bb][\/mk_fancy_title][mk_padding_divider size=\u00bb50&#8243; visibility=\u00bbvisible-sm\u00bb][\/vc_column][\/mk_page_section][mk_page_section padding_top=\u00bb0&#8243; padding_bottom=\u00bb30&#8243; sidebar=\u00bbsidebar-1&#8243;][vc_column width=\u00bb1\/2&#8243;][vc_column_text css=\u00bb.vc_custom_1573508604201{margin-bottom: 0px !important;}\u00bb] LLamadas e Internet Generalmente en Cuba los viajeros [&hellip;]","og_url":"https:\/\/www.cubaneotravel.com\/es\/informacion-practica\/","og_site_name":"CubaNeo Travel","article_modified_time":"2022-03-17T16:39:54+00:00","og_image":[{"width":1600,"height":500,"url":"https:\/\/www.cubaneotravel.com\/wp-content\/uploads\/1-10.jpg","type":"image\/jpeg"}],"twitter_card":"summary_large_image","twitter_misc":{"Tiempo de lectura":"5 minutos"},"schema":{"@context":"https:\/\/schema.org","@graph":[{"@type":"WebPage","@id":"https:\/\/www.cubaneotravel.com\/es\/informacion-practica\/","url":"https:\/\/www.cubaneotravel.com\/es\/informacion-practica\/","name":"Informaci\u00f3n pr\u00e1ctica - CubaNeo Travel","isPartOf":{"@id":"https:\/\/www.cubaneotravel.com\/#website"},"primaryImageOfPage":{"@id":"https:\/\/www.cubaneotravel.com\/es\/informacion-practica\/#primaryimage"},"image":{"@id":"https:\/\/www.cubaneotravel.com\/es\/informacion-practica\/#primaryimage"},"thumbnailUrl":"https:\/\/www.cubaneotravel.com\/wp-content\/uploads\/1-10.jpg","datePublished":"2019-07-05T12:37:28+00:00","dateModified":"2022-03-17T16:39:54+00:00","breadcrumb":{"@id":"https:\/\/www.cubaneotravel.com\/es\/informacion-practica\/#breadcrumb"},"inLanguage":"es","potentialAction":[{"@type":"ReadAction","target":["https:\/\/www.cubaneotravel.com\/es\/informacion-practica\/"]}]},{"@type":"ImageObject","inLanguage":"es","@id":"https:\/\/www.cubaneotravel.com\/es\/informacion-practica\/#primaryimage","url":"https:\/\/www.cubaneotravel.com\/wp-content\/uploads\/1-10.jpg","contentUrl":"https:\/\/www.cubaneotravel.com\/wp-content\/uploads\/1-10.jpg","width":1600,"height":500,"caption":"Praktische reistips Cuba"},{"@type":"BreadcrumbList","@id":"https:\/\/www.cubaneotravel.com\/es\/informacion-practica\/#breadcrumb","itemListElement":[{"@type":"ListItem","position":1,"name":"Home","item":"https:\/\/www.cubaneotravel.com\/es\/"},{"@type":"ListItem","position":2,"name":"Informaci\u00f3n pr\u00e1ctica"}]},{"@type":"WebSite","@id":"https:\/\/www.cubaneotravel.com\/#website","url":"https:\/\/www.cubaneotravel.com\/","name":"CubaNeo Travel","description":"Travel agency to Cuba","publisher":{"@id":"https:\/\/www.cubaneotravel.com\/#organization"},"potentialAction":[{"@type":"SearchAction","target":{"@type":"EntryPoint","urlTemplate":"https:\/\/www.cubaneotravel.com\/?s={search_term_string}"},"query-input":{"@type":"PropertyValueSpecification","valueRequired":true,"valueName":"search_term_string"}}],"inLanguage":"es"},{"@type":"Organization","@id":"https:\/\/www.cubaneotravel.com\/#organization","name":"CubaNeo travel","url":"https:\/\/www.cubaneotravel.com\/","logo":{"@type":"ImageObject","inLanguage":"es","@id":"https:\/\/www.cubaneotravel.com\/#\/schema\/logo\/image\/","url":"https:\/\/www.cubaneotravel.com\/wp-content\/uploads\/logo.svg","contentUrl":"https:\/\/www.cubaneotravel.com\/wp-content\/uploads\/logo.svg","width":1,"height":1,"caption":"CubaNeo travel"},"image":{"@id":"https:\/\/www.cubaneotravel.com\/#\/schema\/logo\/image\/"}}]}},"_links":{"self":[{"href":"https:\/\/www.cubaneotravel.com\/es\/wp-json\/wp\/v2\/pages\/2047","targetHints":{"allow":["GET"]}}],"collection":[{"href":"https:\/\/www.cubaneotravel.com\/es\/wp-json\/wp\/v2\/pages"}],"about":[{"href":"https:\/\/www.cubaneotravel.com\/es\/wp-json\/wp\/v2\/types\/page"}],"author":[{"embeddable":true,"href":"https:\/\/www.cubaneotravel.com\/es\/wp-json\/wp\/v2\/users\/1"}],"replies":[{"embeddable":true,"href":"https:\/\/www.cubaneotravel.com\/es\/wp-json\/wp\/v2\/comments?post=2047"}],"version-history":[{"count":60,"href":"https:\/\/www.cubaneotravel.com\/es\/wp-json\/wp\/v2\/pages\/2047\/revisions"}],"predecessor-version":[{"id":10507,"href":"https:\/\/www.cubaneotravel.com\/es\/wp-json\/wp\/v2\/pages\/2047\/revisions\/10507"}],"wp:featuredmedia":[{"embeddable":true,"href":"https:\/\/www.cubaneotravel.com\/es\/wp-json\/wp\/v2\/media\/2011"}],"wp:attachment":[{"href":"https:\/\/www.cubaneotravel.com\/es\/wp-json\/wp\/v2\/media?parent=2047"}],"curies":[{"name":"wp","href":"https:\/\/api.w.org\/{rel}","templated":true}]}}