{"id":2044,"date":"2019-07-05T12:38:14","date_gmt":"2019-07-05T12:38:14","guid":{"rendered":"https:\/\/www.cubaneotravel.com\/garantie-regeling\/"},"modified":"2022-06-10T16:40:38","modified_gmt":"2022-06-10T14:40:38","slug":"acuerdo-de-garantia","status":"publish","type":"page","link":"https:\/\/www.cubaneotravel.com\/es\/acuerdo-de-garantia\/","title":{"rendered":"Acuerdo de garant\u00eda"},"content":{"rendered":"[mk_page_section bg_image=\u00bbhttps:\/\/www.cubaneotravel.com\/wp-content\/uploads\/prueba-46.jpg\u00bb bg_position=\u00bbcenter center\u00bb bg_repeat=\u00bbno-repeat\u00bb min_height=\u00bb500&#8243; js_vertical_centered=\u00bbtrue\u00bb padding_top=\u00bb50&#8243; padding_bottom=\u00bb50&#8243; margin_bottom=\u00bb50&#8243; sidebar=\u00bbsidebar-1&#8243;][vc_column][mk_fancy_title strip_tags=\u00bbtrue\u00bb tag_name=\u00bbh1&#8243; color=\u00bb#ffffff\u00bb size=\u00bb72&#8243; force_font_size=\u00bbtrue\u00bb size_phone=\u00bb48&#8243; margin_bottom=\u00bb0&#8243; font_family=\u00bbnone\u00bb align=\u00bbcenter\u00bb drop_shadow=\u00bbtrue\u00bb shadow_angle=\u00bb0&#8243; shadow_distance=\u00bb15&#8243;]Acuerdo de garant\u00eda[\/mk_fancy_title][mk_fancy_title color=\u00bb#ffffff\u00bb size=\u00bb32&#8243; force_font_size=\u00bbtrue\u00bb size_phone=\u00bb24&#8243; font_weight=\u00bbbold\u00bb margin_bottom=\u00bb0&#8243; font_family=\u00bbRoboto\u00bb font_type=\u00bbgoogle\u00bb align=\u00bbcenter\u00bb drop_shadow=\u00bbtrue\u00bb shadow_angle=\u00bb0&#8243; shadow_distance=\u00bb10&#8243; shadow_color=\u00bbrgba(0,0,0,0.7)\u00bb][\/mk_fancy_title][mk_padding_divider size=\u00bb50&#8243; visibility=\u00bbvisible-sm\u00bb][\/vc_column][\/mk_page_section][mk_page_section padding_top=\u00bb0&#8243; padding_bottom=\u00bb30&#8243; sidebar=\u00bbsidebar-1&#8243;][vc_column][vc_column_text css=\u00bb.vc_custom_1654872032340{margin-bottom: 0px !important;}\u00bb]\n<h2>Fondo de Garant\u00eda para Tour operadores Especializados (GGTO)<\/h2>\n<p><img loading=\"lazy\" decoding=\"async\" class=\"alignright size-medium wp-image-2988\" src=\"https:\/\/www.cubaneotravel.com\/wp-content\/uploads\/\/ggto_logo_blauw-300x131.png\" alt=\"\" width=\"300\" height=\"131\" srcset=\"https:\/\/www.cubaneotravel.com\/wp-content\/uploads\/ggto_logo_blauw-300x131.png 300w, https:\/\/www.cubaneotravel.com\/wp-content\/uploads\/ggto_logo_blauw.png 454w\" sizes=\"auto, (max-width: 300px) 100vw, 300px\" \/><\/p>\n<p>CubaNeo Travel est\u00e1 afiliada a la fundaci\u00f3n GGTO. Dicha Fundaci\u00f3n garantiza que el viajero recupere la parte ya pagada de su viaje si el operador tur\u00edstico entra en incapacidad financiera. Esto puede ser antes de su partida, pero tambi\u00e9n durante su estad\u00eda en el destino tur\u00edstico.<br \/>\nEl operador tur\u00edstico le cobrar\u00e1 al consumidor una cantidad fija de 15 \u20ac por reserva para esta garant\u00eda. As\u00ed es como se construye y mantiene el fondo de garant\u00eda. Puede consultar qu\u00e9 organizaciones de viajes est\u00e1n afiliadas al fondo en el sitio web de GGTO: <a href=\"https:\/\/www.stichting-ggto.nl\/html\/Aangesloten.asp\">https:\/\/www.stichting-ggto.nl\/html\/Aangesloten.asp<\/a><\/p>\n<p>Puede encontrar CubaNeo Travel con el n\u00famero 1639.[\/vc_column_text][\/vc_column][\/mk_page_section]\n","protected":false},"excerpt":{"rendered":"<p>[mk_page_section bg_image=\u00bbhttps:\/\/www.cubaneotravel.com\/wp-content\/uploads\/prueba-46.jpg\u00bb bg_position=\u00bbcenter center\u00bb bg_repeat=\u00bbno-repeat\u00bb min_height=\u00bb500&#8243; js_vertical_centered=\u00bbtrue\u00bb padding_top=\u00bb50&#8243; padding_bottom=\u00bb50&#8243; margin_bottom=\u00bb50&#8243; sidebar=\u00bbsidebar-1&#8243;][vc_column][mk_fancy_title strip_tags=\u00bbtrue\u00bb tag_name=\u00bbh1&#8243; color=\u00bb#ffffff\u00bb size=\u00bb72&#8243; force_font_size=\u00bbtrue\u00bb size_phone=\u00bb48&#8243; margin_bottom=\u00bb0&#8243; font_family=\u00bbnone\u00bb align=\u00bbcenter\u00bb drop_shadow=\u00bbtrue\u00bb shadow_angle=\u00bb0&#8243; shadow_distance=\u00bb15&#8243;]Acuerdo de garant\u00eda[\/mk_fancy_title][mk_fancy_title color=\u00bb#ffffff\u00bb size=\u00bb32&#8243; force_font_size=\u00bbtrue\u00bb size_phone=\u00bb24&#8243; font_weight=\u00bbbold\u00bb margin_bottom=\u00bb0&#8243; font_family=\u00bbRoboto\u00bb font_type=\u00bbgoogle\u00bb align=\u00bbcenter\u00bb drop_shadow=\u00bbtrue\u00bb shadow_angle=\u00bb0&#8243; shadow_distance=\u00bb10&#8243; shadow_color=\u00bbrgba(0,0,0,0.7)\u00bb][\/mk_fancy_title][mk_padding_divider size=\u00bb50&#8243; visibility=\u00bbvisible-sm\u00bb][\/vc_column][\/mk_page_section][mk_page_section padding_top=\u00bb0&#8243; padding_bottom=\u00bb30&#8243; sidebar=\u00bbsidebar-1&#8243;][vc_column][vc_column_text css=\u00bb.vc_custom_1654872032340{margin-bottom: 0px !important;}\u00bb] Fondo de Garant\u00eda para Tour operadores Especializados (GGTO) CubaNeo [&hellip;]<\/p>\n","protected":false},"author":1,"featured_media":0,"parent":0,"menu_order":0,"comment_status":"closed","ping_status":"closed","template":"","meta":{"footnotes":""},"class_list":["post-2044","page","type-page","status-publish","hentry"],"yoast_head":"<!-- This site is optimized with the Yoast SEO plugin v27.5 - https:\/\/yoast.com\/product\/yoast-seo-wordpress\/ -->\n<title>Acuerdo de garant\u00eda - CubaNeo Travel<\/title>\n<meta name=\"robots\" content=\"index, follow, max-snippet:-1, max-image-preview:large, max-video-preview:-1\" \/>\n<link rel=\"canonical\" href=\"https:\/\/www.cubaneotravel.com\/es\/acuerdo-de-garantia\/\" \/>\n<meta property=\"og:locale\" content=\"es_ES\" \/>\n<meta property=\"og:type\" content=\"article\" \/>\n<meta property=\"og:title\" content=\"Acuerdo de garant\u00eda - CubaNeo Travel\" \/>\n<meta property=\"og:description\" content=\"[mk_page_section bg_image=\u00bbhttps:\/\/www.cubaneotravel.com\/wp-content\/uploads\/prueba-46.jpg\u00bb bg_position=\u00bbcenter center\u00bb bg_repeat=\u00bbno-repeat\u00bb min_height=\u00bb500&#8243; js_vertical_centered=\u00bbtrue\u00bb padding_top=\u00bb50&#8243; padding_bottom=\u00bb50&#8243; margin_bottom=\u00bb50&#8243; sidebar=\u00bbsidebar-1&#8243;][vc_column][mk_fancy_title strip_tags=\u00bbtrue\u00bb tag_name=\u00bbh1&#8243; color=\u00bb#ffffff\u00bb size=\u00bb72&#8243; force_font_size=\u00bbtrue\u00bb size_phone=\u00bb48&#8243; margin_bottom=\u00bb0&#8243; font_family=\u00bbnone\u00bb align=\u00bbcenter\u00bb drop_shadow=\u00bbtrue\u00bb shadow_angle=\u00bb0&#8243; shadow_distance=\u00bb15&#8243;]Acuerdo de garant\u00eda[\/mk_fancy_title][mk_fancy_title color=\u00bb#ffffff\u00bb size=\u00bb32&#8243; force_font_size=\u00bbtrue\u00bb size_phone=\u00bb24&#8243; font_weight=\u00bbbold\u00bb margin_bottom=\u00bb0&#8243; font_family=\u00bbRoboto\u00bb font_type=\u00bbgoogle\u00bb align=\u00bbcenter\u00bb drop_shadow=\u00bbtrue\u00bb shadow_angle=\u00bb0&#8243; shadow_distance=\u00bb10&#8243; shadow_color=\u00bbrgba(0,0,0,0.7)\u00bb][\/mk_fancy_title][mk_padding_divider size=\u00bb50&#8243; visibility=\u00bbvisible-sm\u00bb][\/vc_column][\/mk_page_section][mk_page_section padding_top=\u00bb0&#8243; padding_bottom=\u00bb30&#8243; sidebar=\u00bbsidebar-1&#8243;][vc_column][vc_column_text css=\u00bb.vc_custom_1654872032340{margin-bottom: 0px !important;}\u00bb] Fondo de Garant\u00eda para Tour operadores Especializados (GGTO) CubaNeo [&hellip;]\" \/>\n<meta property=\"og:url\" content=\"https:\/\/www.cubaneotravel.com\/es\/acuerdo-de-garantia\/\" \/>\n<meta property=\"og:site_name\" content=\"CubaNeo Travel\" \/>\n<meta property=\"article:modified_time\" content=\"2022-06-10T14:40:38+00:00\" \/>\n<meta property=\"og:image\" content=\"https:\/\/www.cubaneotravel.com\/wp-content\/uploads\/\/ggto_logo_blauw-300x131.png\" \/>\n<meta name=\"twitter:card\" content=\"summary_large_image\" \/>\n<meta name=\"twitter:label1\" content=\"Tiempo de lectura\" \/>\n\t<meta name=\"twitter:data1\" content=\"1 minuto\" \/>\n<script type=\"application\/ld+json\" class=\"yoast-schema-graph\">{\"@context\":\"https:\\\/\\\/schema.org\",\"@graph\":[{\"@type\":\"WebPage\",\"@id\":\"https:\\\/\\\/www.cubaneotravel.com\\\/es\\\/acuerdo-de-garantia\\\/\",\"url\":\"https:\\\/\\\/www.cubaneotravel.com\\\/es\\\/acuerdo-de-garantia\\\/\",\"name\":\"Acuerdo de garant\u00eda - CubaNeo Travel\",\"isPartOf\":{\"@id\":\"https:\\\/\\\/www.cubaneotravel.com\\\/#website\"},\"primaryImageOfPage\":{\"@id\":\"https:\\\/\\\/www.cubaneotravel.com\\\/es\\\/acuerdo-de-garantia\\\/#primaryimage\"},\"image\":{\"@id\":\"https:\\\/\\\/www.cubaneotravel.com\\\/es\\\/acuerdo-de-garantia\\\/#primaryimage\"},\"thumbnailUrl\":\"https:\\\/\\\/www.cubaneotravel.com\\\/wp-content\\\/uploads\\\/\\\/ggto_logo_blauw-300x131.png\",\"datePublished\":\"2019-07-05T12:38:14+00:00\",\"dateModified\":\"2022-06-10T14:40:38+00:00\",\"breadcrumb\":{\"@id\":\"https:\\\/\\\/www.cubaneotravel.com\\\/es\\\/acuerdo-de-garantia\\\/#breadcrumb\"},\"inLanguage\":\"es\",\"potentialAction\":[{\"@type\":\"ReadAction\",\"target\":[\"https:\\\/\\\/www.cubaneotravel.com\\\/es\\\/acuerdo-de-garantia\\\/\"]}]},{\"@type\":\"ImageObject\",\"inLanguage\":\"es\",\"@id\":\"https:\\\/\\\/www.cubaneotravel.com\\\/es\\\/acuerdo-de-garantia\\\/#primaryimage\",\"url\":\"https:\\\/\\\/www.cubaneotravel.com\\\/wp-content\\\/uploads\\\/\\\/ggto_logo_blauw-300x131.png\",\"contentUrl\":\"https:\\\/\\\/www.cubaneotravel.com\\\/wp-content\\\/uploads\\\/\\\/ggto_logo_blauw-300x131.png\"},{\"@type\":\"BreadcrumbList\",\"@id\":\"https:\\\/\\\/www.cubaneotravel.com\\\/es\\\/acuerdo-de-garantia\\\/#breadcrumb\",\"itemListElement\":[{\"@type\":\"ListItem\",\"position\":1,\"name\":\"Home\",\"item\":\"https:\\\/\\\/www.cubaneotravel.com\\\/es\\\/\"},{\"@type\":\"ListItem\",\"position\":2,\"name\":\"Acuerdo de garant\u00eda\"}]},{\"@type\":\"WebSite\",\"@id\":\"https:\\\/\\\/www.cubaneotravel.com\\\/#website\",\"url\":\"https:\\\/\\\/www.cubaneotravel.com\\\/\",\"name\":\"CubaNeo Travel\",\"description\":\"Travel agency to Cuba\",\"publisher\":{\"@id\":\"https:\\\/\\\/www.cubaneotravel.com\\\/#organization\"},\"potentialAction\":[{\"@type\":\"SearchAction\",\"target\":{\"@type\":\"EntryPoint\",\"urlTemplate\":\"https:\\\/\\\/www.cubaneotravel.com\\\/?s={search_term_string}\"},\"query-input\":{\"@type\":\"PropertyValueSpecification\",\"valueRequired\":true,\"valueName\":\"search_term_string\"}}],\"inLanguage\":\"es\"},{\"@type\":\"Organization\",\"@id\":\"https:\\\/\\\/www.cubaneotravel.com\\\/#organization\",\"name\":\"CubaNeo travel\",\"url\":\"https:\\\/\\\/www.cubaneotravel.com\\\/\",\"logo\":{\"@type\":\"ImageObject\",\"inLanguage\":\"es\",\"@id\":\"https:\\\/\\\/www.cubaneotravel.com\\\/#\\\/schema\\\/logo\\\/image\\\/\",\"url\":\"https:\\\/\\\/www.cubaneotravel.com\\\/wp-content\\\/uploads\\\/logo.svg\",\"contentUrl\":\"https:\\\/\\\/www.cubaneotravel.com\\\/wp-content\\\/uploads\\\/logo.svg\",\"width\":1,\"height\":1,\"caption\":\"CubaNeo travel\"},\"image\":{\"@id\":\"https:\\\/\\\/www.cubaneotravel.com\\\/#\\\/schema\\\/logo\\\/image\\\/\"}}]}<\/script>\n<!-- \/ Yoast SEO plugin. -->","yoast_head_json":{"title":"Acuerdo de garant\u00eda - CubaNeo Travel","robots":{"index":"index","follow":"follow","max-snippet":"max-snippet:-1","max-image-preview":"max-image-preview:large","max-video-preview":"max-video-preview:-1"},"canonical":"https:\/\/www.cubaneotravel.com\/es\/acuerdo-de-garantia\/","og_locale":"es_ES","og_type":"article","og_title":"Acuerdo de garant\u00eda - CubaNeo Travel","og_description":"[mk_page_section bg_image=\u00bbhttps:\/\/www.cubaneotravel.com\/wp-content\/uploads\/prueba-46.jpg\u00bb bg_position=\u00bbcenter center\u00bb bg_repeat=\u00bbno-repeat\u00bb min_height=\u00bb500&#8243; js_vertical_centered=\u00bbtrue\u00bb padding_top=\u00bb50&#8243; padding_bottom=\u00bb50&#8243; margin_bottom=\u00bb50&#8243; sidebar=\u00bbsidebar-1&#8243;][vc_column][mk_fancy_title strip_tags=\u00bbtrue\u00bb tag_name=\u00bbh1&#8243; color=\u00bb#ffffff\u00bb size=\u00bb72&#8243; force_font_size=\u00bbtrue\u00bb size_phone=\u00bb48&#8243; margin_bottom=\u00bb0&#8243; font_family=\u00bbnone\u00bb align=\u00bbcenter\u00bb drop_shadow=\u00bbtrue\u00bb shadow_angle=\u00bb0&#8243; shadow_distance=\u00bb15&#8243;]Acuerdo de garant\u00eda[\/mk_fancy_title][mk_fancy_title color=\u00bb#ffffff\u00bb size=\u00bb32&#8243; force_font_size=\u00bbtrue\u00bb size_phone=\u00bb24&#8243; font_weight=\u00bbbold\u00bb margin_bottom=\u00bb0&#8243; font_family=\u00bbRoboto\u00bb font_type=\u00bbgoogle\u00bb align=\u00bbcenter\u00bb drop_shadow=\u00bbtrue\u00bb shadow_angle=\u00bb0&#8243; shadow_distance=\u00bb10&#8243; shadow_color=\u00bbrgba(0,0,0,0.7)\u00bb][\/mk_fancy_title][mk_padding_divider size=\u00bb50&#8243; visibility=\u00bbvisible-sm\u00bb][\/vc_column][\/mk_page_section][mk_page_section padding_top=\u00bb0&#8243; padding_bottom=\u00bb30&#8243; sidebar=\u00bbsidebar-1&#8243;][vc_column][vc_column_text css=\u00bb.vc_custom_1654872032340{margin-bottom: 0px !important;}\u00bb] Fondo de Garant\u00eda para Tour operadores Especializados (GGTO) CubaNeo [&hellip;]","og_url":"https:\/\/www.cubaneotravel.com\/es\/acuerdo-de-garantia\/","og_site_name":"CubaNeo Travel","article_modified_time":"2022-06-10T14:40:38+00:00","og_image":[{"url":"https:\/\/www.cubaneotravel.com\/wp-content\/uploads\/\/ggto_logo_blauw-300x131.png","type":"","width":"","height":""}],"twitter_card":"summary_large_image","twitter_misc":{"Tiempo de lectura":"1 minuto"},"schema":{"@context":"https:\/\/schema.org","@graph":[{"@type":"WebPage","@id":"https:\/\/www.cubaneotravel.com\/es\/acuerdo-de-garantia\/","url":"https:\/\/www.cubaneotravel.com\/es\/acuerdo-de-garantia\/","name":"Acuerdo de garant\u00eda - CubaNeo Travel","isPartOf":{"@id":"https:\/\/www.cubaneotravel.com\/#website"},"primaryImageOfPage":{"@id":"https:\/\/www.cubaneotravel.com\/es\/acuerdo-de-garantia\/#primaryimage"},"image":{"@id":"https:\/\/www.cubaneotravel.com\/es\/acuerdo-de-garantia\/#primaryimage"},"thumbnailUrl":"https:\/\/www.cubaneotravel.com\/wp-content\/uploads\/\/ggto_logo_blauw-300x131.png","datePublished":"2019-07-05T12:38:14+00:00","dateModified":"2022-06-10T14:40:38+00:00","breadcrumb":{"@id":"https:\/\/www.cubaneotravel.com\/es\/acuerdo-de-garantia\/#breadcrumb"},"inLanguage":"es","potentialAction":[{"@type":"ReadAction","target":["https:\/\/www.cubaneotravel.com\/es\/acuerdo-de-garantia\/"]}]},{"@type":"ImageObject","inLanguage":"es","@id":"https:\/\/www.cubaneotravel.com\/es\/acuerdo-de-garantia\/#primaryimage","url":"https:\/\/www.cubaneotravel.com\/wp-content\/uploads\/\/ggto_logo_blauw-300x131.png","contentUrl":"https:\/\/www.cubaneotravel.com\/wp-content\/uploads\/\/ggto_logo_blauw-300x131.png"},{"@type":"BreadcrumbList","@id":"https:\/\/www.cubaneotravel.com\/es\/acuerdo-de-garantia\/#breadcrumb","itemListElement":[{"@type":"ListItem","position":1,"name":"Home","item":"https:\/\/www.cubaneotravel.com\/es\/"},{"@type":"ListItem","position":2,"name":"Acuerdo de garant\u00eda"}]},{"@type":"WebSite","@id":"https:\/\/www.cubaneotravel.com\/#website","url":"https:\/\/www.cubaneotravel.com\/","name":"CubaNeo Travel","description":"Travel agency to Cuba","publisher":{"@id":"https:\/\/www.cubaneotravel.com\/#organization"},"potentialAction":[{"@type":"SearchAction","target":{"@type":"EntryPoint","urlTemplate":"https:\/\/www.cubaneotravel.com\/?s={search_term_string}"},"query-input":{"@type":"PropertyValueSpecification","valueRequired":true,"valueName":"search_term_string"}}],"inLanguage":"es"},{"@type":"Organization","@id":"https:\/\/www.cubaneotravel.com\/#organization","name":"CubaNeo travel","url":"https:\/\/www.cubaneotravel.com\/","logo":{"@type":"ImageObject","inLanguage":"es","@id":"https:\/\/www.cubaneotravel.com\/#\/schema\/logo\/image\/","url":"https:\/\/www.cubaneotravel.com\/wp-content\/uploads\/logo.svg","contentUrl":"https:\/\/www.cubaneotravel.com\/wp-content\/uploads\/logo.svg","width":1,"height":1,"caption":"CubaNeo travel"},"image":{"@id":"https:\/\/www.cubaneotravel.com\/#\/schema\/logo\/image\/"}}]}},"_links":{"self":[{"href":"https:\/\/www.cubaneotravel.com\/es\/wp-json\/wp\/v2\/pages\/2044","targetHints":{"allow":["GET"]}}],"collection":[{"href":"https:\/\/www.cubaneotravel.com\/es\/wp-json\/wp\/v2\/pages"}],"about":[{"href":"https:\/\/www.cubaneotravel.com\/es\/wp-json\/wp\/v2\/types\/page"}],"author":[{"embeddable":true,"href":"https:\/\/www.cubaneotravel.com\/es\/wp-json\/wp\/v2\/users\/1"}],"replies":[{"embeddable":true,"href":"https:\/\/www.cubaneotravel.com\/es\/wp-json\/wp\/v2\/comments?post=2044"}],"version-history":[{"count":9,"href":"https:\/\/www.cubaneotravel.com\/es\/wp-json\/wp\/v2\/pages\/2044\/revisions"}],"predecessor-version":[{"id":10840,"href":"https:\/\/www.cubaneotravel.com\/es\/wp-json\/wp\/v2\/pages\/2044\/revisions\/10840"}],"wp:attachment":[{"href":"https:\/\/www.cubaneotravel.com\/es\/wp-json\/wp\/v2\/media?parent=2044"}],"curies":[{"name":"wp","href":"https:\/\/api.w.org\/{rel}","templated":true}]}}